{"id":967,"date":"2019-05-27T17:46:26","date_gmt":"2019-05-27T15:46:26","guid":{"rendered":"https:\/\/arso.hu\/contacts\/"},"modified":"2021-10-05T11:35:21","modified_gmt":"2021-10-05T09:35:21","slug":"contacts","status":"publish","type":"page","link":"https:\/\/arso.hu\/en\/contacts\/","title":{"rendered":"Contacts"},"content":{"rendered":"<p>[et_pb_section fb_built=&#8221;1&#8243; fullwidth=&#8221;on&#8221; _builder_version=&#8221;3.22.2&#8243; global_module=&#8221;632&#8243;][et_pb_fullwidth_header title=&#8221;@ET-DC@eyJkeW5hbWljIjp0cnVlLCJjb250ZW50IjoicG9zdF90aXRsZSIsInNldHRpbmdzIjp7ImJlZm9yZSI6IiIsImFmdGVyIjoiIn19@&#8221; _builder_version=&#8221;3.22.2&#8243; _dynamic_attributes=&#8221;title&#8221; background_image=&#8221;https:\/\/arso.hu\/wp-content\/uploads\/2019\/02\/Slide1.jpg&#8221; background_size=&#8221;initial&#8221; background_position=&#8221;top_left&#8221; background_repeat=&#8221;repeat&#8221; z_index_tablet=&#8221;500&#8243; title_text_shadow_style=&#8221;preset2&#8243;][\/et_pb_fullwidth_header][\/et_pb_section][et_pb_section fb_built=&#8221;1&#8243; _builder_version=&#8221;3.22&#8243; custom_padding=&#8221;||0px|||&#8221;][et_pb_row column_structure=&#8221;1_2,1_2&#8243; use_custom_gutter=&#8221;on&#8221; gutter_width=&#8221;1&#8243; _builder_version=&#8221;4.6.5&#8243; background_size=&#8221;initial&#8221; background_position=&#8221;top_left&#8221; background_repeat=&#8221;repeat&#8221; module_alignment=&#8221;center&#8221; z_index_tablet=&#8221;500&#8243;][et_pb_column type=&#8221;1_2&#8243; _builder_version=&#8221;3.25&#8243; custom_padding=&#8221;|||&#8221; custom_padding__hover=&#8221;|||&#8221;][et_pb_text _builder_version=&#8221;4.6.5&#8243; z_index_tablet=&#8221;500&#8243;]<\/p>\n<p><strong>Tam\u00e1s Ruff, director<\/strong><\/p>\n<ul>\n<li>phone: +36 30 217 3411<\/li>\n<li>e-mail:\u00a0<a href=\"mailto:major@arso.hu\">ruff.tamas@arso.hu<\/a><\/li>\n<\/ul>\n<p><strong>Szilvia Taupert, operational manager<\/strong><\/p>\n<ul>\n<li>phone: +36 70 683 8098<\/li>\n<li>e-mail: <a href=\"mailto:major@arso.hu\">operativ@arso.hu<\/a><\/li>\n<\/ul>\n<p><strong>Secretary<\/strong><\/p>\n<ul>\n<li>phone: +36 70 522 4692<\/li>\n<li>e-mail:\u00a0<a href=\"mailto:arso@arso.hu\">arso@arso.hu<\/a><\/li>\n<\/ul>\n<p><strong>Operative office<\/strong><\/p>\n<ul>\n<li>phone: +36 70 682 0239<\/li>\n<li>e-mail:\u00a0<a href=\"mailto:operativ@arso.hu\">operativ@arso.hu<\/a>;\u00a0<a href=\"mailto:szamlazas@arso.hu\">szamlazas@arso.hu<\/a>;\u00a0<a href=\"mailto:munkaugy@arso.hu\">munkaugy@arso.hu<\/a>; <a href=\"mailto:munkaugy@arso.hu\">produkcio@arso.hu<\/a><\/li>\n<\/ul>\n<p>&nbsp;<\/p>\n<p>&nbsp;<\/p>\n<p>[\/et_pb_text][\/et_pb_column][et_pb_column type=&#8221;1_2&#8243; _builder_version=&#8221;3.25&#8243; custom_padding=&#8221;|||&#8221; custom_padding__hover=&#8221;|||&#8221;][et_pb_text _builder_version=&#8221;4.6.5&#8243; z_index_tablet=&#8221;500&#8243;]<\/p>\n<p><strong>PR<\/strong><\/p>\n<ul>\n<li>phone: +36 30 822 3515<\/li>\n<li>e-mail:\u00a0<a href=\"mailto:pr@arso.hu\">pr@arso.hu<\/a><\/li>\n<\/ul>\n<p><strong>Orchestra Secreta<\/strong><\/p>\n<ul>\n<li>phone: +36 70 682 0238<\/li>\n<li>e-mail: <a href=\"mailto:pr@arso.hu\">zt@arso.hu<\/a><\/li>\n<\/ul>\n<p><strong>Score Librarian<\/strong><\/p>\n<ul>\n<li>phone: +36 70 503 9840<\/li>\n<li>e-mail: <a href=\"mailto:pr@arso.hu\">kottatar@arso.hu<\/a><\/li>\n<\/ul>\n<p>&nbsp;<\/p>\n<p>&nbsp;<\/p>\n<p>[\/et_pb_text][\/et_pb_column][\/et_pb_row][et_pb_row use_custom_gutter=&#8221;on&#8221; gutter_width=&#8221;1&#8243; _builder_version=&#8221;3.25&#8243; background_size=&#8221;initial&#8221; background_position=&#8221;top_left&#8221; background_repeat=&#8221;repeat&#8221; module_alignment=&#8221;center&#8221; z_index_tablet=&#8221;500&#8243;][et_pb_column type=&#8221;4_4&#8243; _builder_version=&#8221;3.25&#8243; custom_padding=&#8221;|||&#8221; custom_padding__hover=&#8221;|||&#8221;][et_pb_text _builder_version=&#8221;3.27.4&#8243; z_index_tablet=&#8221;500&#8243;]<\/p>\n<h4>Address: 8000 Sz\u00e9kesfeh\u00e9rv\u00e1r, Szabads\u00e1gharcos u. 59.<\/h4>\n<p>[\/et_pb_text][et_pb_code admin_label=&#8221;t\u00e9rk\u00e9p&#8221; _builder_version=&#8221;3.22.2&#8243; z_index_tablet=&#8221;500&#8243;]<iframe loading=\"lazy\" src=\"https:\/\/www.google.com\/maps\/embed?pb=!1m18!1m12!1m3!1d2710.9754512202785!2d18.401128815137167!3d47.19749302414291!2m3!1f0!2f0!3f0!3m2!1i1024!2i768!4f13.1!3m3!1m2!1s0x4769f64c90dc6ff7%3A0xde29d3ea03057308!2zU3rDqWtlc2ZlaMOpcnbDoXIsIFN6YWJhZHPDoWdoYXJjb3Mgw7p0IDU5LCA4MDAw!5e0!3m2!1shu!2shu!4v1558440252096!5m2!1shu!2shu\" width=\"100%\" height=\"400\" frameborder=\"0\" style=\"border:0\" allowfullscreen><\/iframe>[\/et_pb_code][\/et_pb_column][\/et_pb_row][\/et_pb_section]<\/p>\n","protected":false},"excerpt":{"rendered":"<p>Tam\u00e1s Ruff, director phone: +36 30 217 3411 e-mail:\u00a0ruff.tamas@arso.hu Szilvia Taupert, operational manager phone: +36 70 683 8098 e-mail: operativ@arso.hu Secretary phone: +36 70 522 4692 e-mail:\u00a0arso@arso.hu Operative office phone: +36 70 682 0239 e-mail:\u00a0operativ@arso.hu;\u00a0szamlazas@arso.hu;\u00a0munkaugy@arso.hu; produkcio@arso.hu &nbsp; &nbsp;PR phone: +36 30 822 3515 e-mail:\u00a0pr@arso.hu Orchestra Secreta phone: +36 70 682 0238 e-mail: zt@arso.hu Score Librarian [&hellip;]<\/p>\n","protected":false},"author":2,"featured_media":0,"parent":0,"menu_order":0,"comment_status":"closed","ping_status":"closed","template":"","meta":{"_et_pb_use_builder":"on","_et_pb_old_content":"","_et_gb_content_width":"","footnotes":""},"class_list":["post-967","page","type-page","status-publish","hentry"],"yoast_head":"<!-- This site is optimized with the Yoast SEO plugin v24.6 - https:\/\/yoast.com\/wordpress\/plugins\/seo\/ -->\n<title>Contacts - Alba Regia Szimfonikus Zenekar<\/title>\n<meta name=\"robots\" content=\"index, follow, max-snippet:-1, max-image-preview:large, max-video-preview:-1\" \/>\n<link rel=\"canonical\" href=\"https:\/\/arso.hu\/en\/contacts\/\" \/>\n<meta property=\"og:locale\" content=\"en_US\" \/>\n<meta property=\"og:type\" content=\"article\" \/>\n<meta property=\"og:title\" content=\"Contacts - Alba Regia Szimfonikus Zenekar\" \/>\n<meta property=\"og:description\" content=\"Tam\u00e1s Ruff, director phone: +36 30 217 3411 e-mail:\u00a0ruff.tamas@arso.hu Szilvia Taupert, operational manager phone: +36 70 683 8098 e-mail: operativ@arso.hu Secretary phone: +36 70 522 4692 e-mail:\u00a0arso@arso.hu Operative office phone: +36 70 682 0239 e-mail:\u00a0operativ@arso.hu;\u00a0szamlazas@arso.hu;\u00a0munkaugy@arso.hu; produkcio@arso.hu &nbsp; &nbsp;PR phone: +36 30 822 3515 e-mail:\u00a0pr@arso.hu Orchestra Secreta phone: +36 70 682 0238 e-mail: zt@arso.hu Score Librarian [&hellip;]\" \/>\n<meta property=\"og:url\" content=\"https:\/\/arso.hu\/en\/contacts\/\" \/>\n<meta property=\"og:site_name\" content=\"Alba Regia Szimfonikus Zenekar\" \/>\n<meta property=\"article:modified_time\" content=\"2021-10-05T09:35:21+00:00\" \/>\n<meta name=\"twitter:card\" content=\"summary_large_image\" \/>\n<meta name=\"twitter:label1\" content=\"Est. reading time\" \/>\n\t<meta name=\"twitter:data1\" content=\"2 minutes\" \/>\n<script type=\"application\/ld+json\" class=\"yoast-schema-graph\">{\"@context\":\"https:\/\/schema.org\",\"@graph\":[{\"@type\":\"WebPage\",\"@id\":\"https:\/\/arso.hu\/en\/contacts\/\",\"url\":\"https:\/\/arso.hu\/en\/contacts\/\",\"name\":\"Contacts - Alba Regia Szimfonikus Zenekar\",\"isPartOf\":{\"@id\":\"https:\/\/arso.hu\/en\/#website\"},\"datePublished\":\"2019-05-27T15:46:26+00:00\",\"dateModified\":\"2021-10-05T09:35:21+00:00\",\"breadcrumb\":{\"@id\":\"https:\/\/arso.hu\/en\/contacts\/#breadcrumb\"},\"inLanguage\":\"en-US\",\"potentialAction\":[{\"@type\":\"ReadAction\",\"target\":[\"https:\/\/arso.hu\/en\/contacts\/\"]}]},{\"@type\":\"BreadcrumbList\",\"@id\":\"https:\/\/arso.hu\/en\/contacts\/#breadcrumb\",\"itemListElement\":[{\"@type\":\"ListItem\",\"position\":1,\"name\":\"Home\",\"item\":\"https:\/\/arso.hu\/en\/\"},{\"@type\":\"ListItem\",\"position\":2,\"name\":\"Contacts\"}]},{\"@type\":\"WebSite\",\"@id\":\"https:\/\/arso.hu\/en\/#website\",\"url\":\"https:\/\/arso.hu\/en\/\",\"name\":\"Alba Regia Szimfonikus Zenekar\",\"description\":\"Min\u0151s\u00e9gi komolyzene Sz\u00e9kesfeh\u00e9rv\u00e1ron\",\"potentialAction\":[{\"@type\":\"SearchAction\",\"target\":{\"@type\":\"EntryPoint\",\"urlTemplate\":\"https:\/\/arso.hu\/en\/?s={search_term_string}\"},\"query-input\":{\"@type\":\"PropertyValueSpecification\",\"valueRequired\":true,\"valueName\":\"search_term_string\"}}],\"inLanguage\":\"en-US\"}]}<\/script>\n<!-- \/ Yoast SEO plugin. -->","yoast_head_json":{"title":"Contacts - Alba Regia Szimfonikus Zenekar","robots":{"index":"index","follow":"follow","max-snippet":"max-snippet:-1","max-image-preview":"max-image-preview:large","max-video-preview":"max-video-preview:-1"},"canonical":"https:\/\/arso.hu\/en\/contacts\/","og_locale":"en_US","og_type":"article","og_title":"Contacts - Alba Regia Szimfonikus Zenekar","og_description":"Tam\u00e1s Ruff, director phone: +36 30 217 3411 e-mail:\u00a0ruff.tamas@arso.hu Szilvia Taupert, operational manager phone: +36 70 683 8098 e-mail: operativ@arso.hu Secretary phone: +36 70 522 4692 e-mail:\u00a0arso@arso.hu Operative office phone: +36 70 682 0239 e-mail:\u00a0operativ@arso.hu;\u00a0szamlazas@arso.hu;\u00a0munkaugy@arso.hu; produkcio@arso.hu &nbsp; &nbsp;PR phone: +36 30 822 3515 e-mail:\u00a0pr@arso.hu Orchestra Secreta phone: +36 70 682 0238 e-mail: zt@arso.hu Score Librarian [&hellip;]","og_url":"https:\/\/arso.hu\/en\/contacts\/","og_site_name":"Alba Regia Szimfonikus Zenekar","article_modified_time":"2021-10-05T09:35:21+00:00","twitter_card":"summary_large_image","twitter_misc":{"Est. reading time":"2 minutes"},"schema":{"@context":"https:\/\/schema.org","@graph":[{"@type":"WebPage","@id":"https:\/\/arso.hu\/en\/contacts\/","url":"https:\/\/arso.hu\/en\/contacts\/","name":"Contacts - Alba Regia Szimfonikus Zenekar","isPartOf":{"@id":"https:\/\/arso.hu\/en\/#website"},"datePublished":"2019-05-27T15:46:26+00:00","dateModified":"2021-10-05T09:35:21+00:00","breadcrumb":{"@id":"https:\/\/arso.hu\/en\/contacts\/#breadcrumb"},"inLanguage":"en-US","potentialAction":[{"@type":"ReadAction","target":["https:\/\/arso.hu\/en\/contacts\/"]}]},{"@type":"BreadcrumbList","@id":"https:\/\/arso.hu\/en\/contacts\/#breadcrumb","itemListElement":[{"@type":"ListItem","position":1,"name":"Home","item":"https:\/\/arso.hu\/en\/"},{"@type":"ListItem","position":2,"name":"Contacts"}]},{"@type":"WebSite","@id":"https:\/\/arso.hu\/en\/#website","url":"https:\/\/arso.hu\/en\/","name":"Alba Regia Szimfonikus Zenekar","description":"Min\u0151s\u00e9gi komolyzene Sz\u00e9kesfeh\u00e9rv\u00e1ron","potentialAction":[{"@type":"SearchAction","target":{"@type":"EntryPoint","urlTemplate":"https:\/\/arso.hu\/en\/?s={search_term_string}"},"query-input":{"@type":"PropertyValueSpecification","valueRequired":true,"valueName":"search_term_string"}}],"inLanguage":"en-US"}]}},"_links":{"self":[{"href":"https:\/\/arso.hu\/en\/wp-json\/wp\/v2\/pages\/967","targetHints":{"allow":["GET"]}}],"collection":[{"href":"https:\/\/arso.hu\/en\/wp-json\/wp\/v2\/pages"}],"about":[{"href":"https:\/\/arso.hu\/en\/wp-json\/wp\/v2\/types\/page"}],"author":[{"embeddable":true,"href":"https:\/\/arso.hu\/en\/wp-json\/wp\/v2\/users\/2"}],"replies":[{"embeddable":true,"href":"https:\/\/arso.hu\/en\/wp-json\/wp\/v2\/comments?post=967"}],"version-history":[{"count":5,"href":"https:\/\/arso.hu\/en\/wp-json\/wp\/v2\/pages\/967\/revisions"}],"predecessor-version":[{"id":9047,"href":"https:\/\/arso.hu\/en\/wp-json\/wp\/v2\/pages\/967\/revisions\/9047"}],"wp:attachment":[{"href":"https:\/\/arso.hu\/en\/wp-json\/wp\/v2\/media?parent=967"}],"curies":[{"name":"wp","href":"https:\/\/api.w.org\/{rel}","templated":true}]}}