{"id":964,"date":"2019-05-27T17:42:11","date_gmt":"2019-05-27T15:42:11","guid":{"rendered":"https:\/\/arso.hu\/colleagues\/"},"modified":"2021-10-05T11:36:26","modified_gmt":"2021-10-05T09:36:26","slug":"colleagues","status":"publish","type":"page","link":"https:\/\/arso.hu\/en\/colleagues\/","title":{"rendered":"Colleagues"},"content":{"rendered":"<p>[et_pb_section fb_built=&#8221;1&#8243; fullwidth=&#8221;on&#8221; _builder_version=&#8221;3.22&#8243;][et_pb_fullwidth_header title=&#8221;@ET-DC@eyJkeW5hbWljIjp0cnVlLCJjb250ZW50IjoicG9zdF90aXRsZSIsInNldHRpbmdzIjp7ImJlZm9yZSI6IiIsImFmdGVyIjoiIn19@&#8221; _builder_version=&#8221;3.22.2&#8243; _dynamic_attributes=&#8221;title&#8221; background_image=&#8221;https:\/\/arso.hu\/wp-content\/uploads\/2019\/02\/Slide1.jpg&#8221; title_text_shadow_style=&#8221;preset2&#8243;][\/et_pb_fullwidth_header][\/et_pb_section][et_pb_section fb_built=&#8221;1&#8243; _builder_version=&#8221;3.22.2&#8243; custom_padding=&#8221;||0px|||&#8221;][et_pb_row column_structure=&#8221;1_4,1_4,1_4,1_4&#8243; _builder_version=&#8221;3.25&#8243; background_color=&#8221;rgba(249,249,249,0.8)&#8221;][et_pb_column type=&#8221;1_4&#8243; _builder_version=&#8221;3.25&#8243; custom_padding=&#8221;|||&#8221; custom_padding__hover=&#8221;|||&#8221;][\/et_pb_column][et_pb_column type=&#8221;1_4&#8243; _builder_version=&#8221;3.25&#8243; custom_padding=&#8221;|||&#8221; custom_padding__hover=&#8221;|||&#8221;][et_pb_team_member name=&#8221;Tam\u00e1s Ruff&#8221; position=&#8221;director&#8221; _builder_version=&#8221;4.6.5&#8243;]<\/p>\n<p><a href=\"mailto:major@arso.hu\">ruuff.tamas@arso.hu<\/a><\/p>\n<p>[\/et_pb_team_member][\/et_pb_column][et_pb_column type=&#8221;1_4&#8243; _builder_version=&#8221;3.25&#8243; custom_padding=&#8221;|||&#8221; custom_padding__hover=&#8221;|||&#8221;][et_pb_team_member name=&#8221;Szilvia Taupert&#8221; position=&#8221;operational manager&#8221; _builder_version=&#8221;4.6.5&#8243; locked=&#8221;off&#8221;]<\/p>\n<p><a href=\"mailto:operativ@arso.hu\">operativ@arso.hu<\/a><\/p>\n<p>[\/et_pb_team_member][\/et_pb_column][et_pb_column type=&#8221;1_4&#8243; _builder_version=&#8221;3.25&#8243; custom_padding=&#8221;|||&#8221; custom_padding__hover=&#8221;|||&#8221;][\/et_pb_column][\/et_pb_row][et_pb_row column_structure=&#8221;1_4,1_4,1_4,1_4&#8243; _builder_version=&#8221;3.25&#8243;][et_pb_column type=&#8221;1_4&#8243; _builder_version=&#8221;3.25&#8243; custom_padding=&#8221;|||&#8221; custom_padding__hover=&#8221;|||&#8221;][et_pb_team_member name=&#8221;Erzs\u00e9bet Bessenyei&#8221; position=&#8221;director\u2019s assistant&#8221; _builder_version=&#8221;3.22.2&#8243; locked=&#8221;off&#8221;]<\/p>\n<p><a href=\"mailto:arso@arso.hu\">arso@arso.hu<\/a><\/p>\n<p>[\/et_pb_team_member][\/et_pb_column][et_pb_column type=&#8221;1_4&#8243; _builder_version=&#8221;3.25&#8243; custom_padding=&#8221;|||&#8221; custom_padding__hover=&#8221;|||&#8221;][\/et_pb_column][et_pb_column type=&#8221;1_4&#8243; _builder_version=&#8221;3.25&#8243; custom_padding=&#8221;|||&#8221; custom_padding__hover=&#8221;|||&#8221;][\/et_pb_column][et_pb_column type=&#8221;1_4&#8243; _builder_version=&#8221;3.25&#8243; custom_padding=&#8221;|||&#8221; custom_padding__hover=&#8221;|||&#8221;][\/et_pb_column][\/et_pb_row][et_pb_row column_structure=&#8221;1_4,1_4,1_4,1_4&#8243; _builder_version=&#8221;3.25&#8243;][et_pb_column type=&#8221;1_4&#8243; _builder_version=&#8221;3.25&#8243; custom_padding=&#8221;|||&#8221; custom_padding__hover=&#8221;|||&#8221;][et_pb_team_member name=&#8221;Szilvia Koz\u00e1rin\u00e9 Szab\u00f3&#8221; position=&#8221;orchestra secretary\/manager&#8221; _builder_version=&#8221;4.6.5&#8243; locked=&#8221;off&#8221;]<\/p>\n<p><a href=\"mailto:zt@arso.hu\">zt@arso.hu<\/a><\/p>\n<p>[\/et_pb_team_member][\/et_pb_column][et_pb_column type=&#8221;1_4&#8243; _builder_version=&#8221;3.25&#8243; custom_padding=&#8221;|||&#8221; custom_padding__hover=&#8221;|||&#8221;][et_pb_team_member name=&#8221;Brigitta S\u00e1rszegi&#8221; position=&#8221;production assistant&#8221; _builder_version=&#8221;4.6.5&#8243; locked=&#8221;off&#8221;]<\/p>\n<p><a href=\"mailto:produkcio@arso.hu\">produkcio@arso.hu<\/a><\/p>\n<p>[\/et_pb_team_member][\/et_pb_column][et_pb_column type=&#8221;1_4&#8243; _builder_version=&#8221;3.25&#8243; custom_padding=&#8221;|||&#8221; custom_padding__hover=&#8221;|||&#8221;][\/et_pb_column][et_pb_column type=&#8221;1_4&#8243; _builder_version=&#8221;3.25&#8243; custom_padding=&#8221;|||&#8221; custom_padding__hover=&#8221;|||&#8221;][\/et_pb_column][\/et_pb_row][et_pb_row column_structure=&#8221;1_5,1_5,1_5,1_5,1_5&#8243; _builder_version=&#8221;3.25&#8243;][et_pb_column type=&#8221;1_5&#8243; _builder_version=&#8221;3.25&#8243; custom_padding=&#8221;|||&#8221; custom_padding__hover=&#8221;|||&#8221;][et_pb_team_member name=&#8221;Kinga Regina Torma&#8221; position=&#8221;PR&#8221; _builder_version=&#8221;4.6.5&#8243; locked=&#8221;off&#8221;]<\/p>\n<p><a href=\"mailto:zt@arso.hu\">pr@arso.hu<\/a><\/p>\n<p>[\/et_pb_team_member][\/et_pb_column][et_pb_column type=&#8221;1_5&#8243; _builder_version=&#8221;3.25&#8243; custom_padding=&#8221;|||&#8221; custom_padding__hover=&#8221;|||&#8221;][et_pb_team_member name=&#8221;Brigitta Balla&#8221; position=&#8221;organiser of audience&#8221; _builder_version=&#8221;3.22.2&#8243; locked=&#8221;off&#8221;]<\/p>\n<p><a href=\"mailto:jegyiroda@arso.hu\">jegyiroda@arso.hu<\/a><\/p>\n<p>[\/et_pb_team_member][\/et_pb_column][et_pb_column type=&#8221;1_5&#8243; _builder_version=&#8221;4.6.5&#8243; _module_preset=&#8221;default&#8221;][\/et_pb_column][et_pb_column type=&#8221;1_5&#8243; _builder_version=&#8221;3.25&#8243; custom_padding=&#8221;|||&#8221; custom_padding__hover=&#8221;|||&#8221;][\/et_pb_column][et_pb_column type=&#8221;1_5&#8243; _builder_version=&#8221;3.25&#8243; custom_padding=&#8221;|||&#8221; custom_padding__hover=&#8221;|||&#8221;][\/et_pb_column][\/et_pb_row][et_pb_row column_structure=&#8221;1_4,1_4,1_4,1_4&#8243; _builder_version=&#8221;4.6.5&#8243; _module_preset=&#8221;default&#8221;][et_pb_column type=&#8221;1_4&#8243; _builder_version=&#8221;4.6.5&#8243; _module_preset=&#8221;default&#8221;][et_pb_team_member name=&#8221;Ang\u00e9la csik\u00f3s&#8221; position=&#8221;HR assistant&#8221; _builder_version=&#8221;4.6.5&#8243; locked=&#8221;off&#8221;]<\/p>\n<p><a href=\"mailto:munkaugy@arso.hu\">munkaugy@arso.hu<\/a><\/p>\n<p>[\/et_pb_team_member][\/et_pb_column][et_pb_column type=&#8221;1_4&#8243; _builder_version=&#8221;4.6.5&#8243; _module_preset=&#8221;default&#8221;][et_pb_team_member name=&#8221;M\u00f3nika Laczi&#8221; position=&#8221;financial assistant&#8221; _builder_version=&#8221;4.6.5&#8243;]<\/p>\n<p><a href=\"mailto:szamlazas@arso.hu\">szamlazas@arso.hu<\/a><\/p>\n<p>[\/et_pb_team_member][\/et_pb_column][et_pb_column type=&#8221;1_4&#8243; _builder_version=&#8221;4.6.5&#8243; _module_preset=&#8221;default&#8221;][\/et_pb_column][et_pb_column type=&#8221;1_4&#8243; _builder_version=&#8221;4.6.5&#8243; _module_preset=&#8221;default&#8221;][\/et_pb_column][\/et_pb_row][et_pb_row column_structure=&#8221;1_4,1_4,1_4,1_4&#8243; _builder_version=&#8221;3.25&#8243;][et_pb_column type=&#8221;1_4&#8243; _builder_version=&#8221;3.25&#8243; custom_padding=&#8221;|||&#8221; custom_padding__hover=&#8221;|||&#8221;][et_pb_team_member name=&#8221;Ferenc Nagy&#8221; position=&#8221;score librarian&#8221; _builder_version=&#8221;4.6.5&#8243; locked=&#8221;off&#8221;]<\/p>\n<p><a href=\"mailto:barmi@arso.hu\">kottatar<\/a><a href=\"mailto:barmi@arso.hu\">@arso.hu<\/a><\/p>\n<p>[\/et_pb_team_member][\/et_pb_column][et_pb_column type=&#8221;1_4&#8243; _builder_version=&#8221;3.25&#8243; custom_padding=&#8221;|||&#8221; custom_padding__hover=&#8221;|||&#8221;][et_pb_team_member name=&#8221;Attila Stadler&#8221; position=&#8221;technical associate&#8221; _builder_version=&#8221;4.6.5&#8243; locked=&#8221;off&#8221;]<\/p>\n<p>\u200b<a href=\"muszak@arso.hu\">muszak@arso.hu<\/a><\/p>\n<p>[\/et_pb_team_member][\/et_pb_column][et_pb_column type=&#8221;1_4&#8243; _builder_version=&#8221;3.25&#8243; custom_padding=&#8221;|||&#8221; custom_padding__hover=&#8221;|||&#8221;][\/et_pb_column][et_pb_column type=&#8221;1_4&#8243; _builder_version=&#8221;3.25&#8243; custom_padding=&#8221;|||&#8221; custom_padding__hover=&#8221;|||&#8221;][\/et_pb_column][\/et_pb_row][\/et_pb_section]<\/p>\n","protected":false},"excerpt":{"rendered":"<p>ruuff.tamas@arso.huoperativ@arso.huarso@arso.huzt@arso.huprodukcio@arso.hupr@arso.hujegyiroda@arso.humunkaugy@arso.huszamlazas@arso.hukottatar@arso.hu\u200bmuszak@arso.hu<\/p>\n","protected":false},"author":1,"featured_media":0,"parent":0,"menu_order":0,"comment_status":"closed","ping_status":"closed","template":"","meta":{"_et_pb_use_builder":"on","_et_pb_old_content":"","_et_gb_content_width":"","footnotes":""},"class_list":["post-964","page","type-page","status-publish","hentry"],"yoast_head":"<!-- This site is optimized with the Yoast SEO plugin v24.6 - https:\/\/yoast.com\/wordpress\/plugins\/seo\/ -->\n<title>Colleagues - Alba Regia Szimfonikus Zenekar<\/title>\n<meta name=\"robots\" content=\"index, follow, max-snippet:-1, max-image-preview:large, max-video-preview:-1\" \/>\n<link rel=\"canonical\" href=\"https:\/\/arso.hu\/en\/colleagues\/\" \/>\n<meta property=\"og:locale\" content=\"en_US\" \/>\n<meta property=\"og:type\" content=\"article\" \/>\n<meta property=\"og:title\" content=\"Colleagues - Alba Regia Szimfonikus Zenekar\" \/>\n<meta property=\"og:description\" content=\"ruuff.tamas@arso.huoperativ@arso.huarso@arso.huzt@arso.huprodukcio@arso.hupr@arso.hujegyiroda@arso.humunkaugy@arso.huszamlazas@arso.hukottatar@arso.hu\u200bmuszak@arso.hu\" \/>\n<meta property=\"og:url\" content=\"https:\/\/arso.hu\/en\/colleagues\/\" \/>\n<meta property=\"og:site_name\" content=\"Alba Regia Szimfonikus Zenekar\" \/>\n<meta property=\"article:modified_time\" content=\"2021-10-05T09:36:26+00:00\" \/>\n<meta name=\"twitter:card\" content=\"summary_large_image\" \/>\n<meta name=\"twitter:label1\" content=\"Est. reading time\" \/>\n\t<meta name=\"twitter:data1\" content=\"4 minutes\" \/>\n<script type=\"application\/ld+json\" class=\"yoast-schema-graph\">{\"@context\":\"https:\/\/schema.org\",\"@graph\":[{\"@type\":\"WebPage\",\"@id\":\"https:\/\/arso.hu\/en\/colleagues\/\",\"url\":\"https:\/\/arso.hu\/en\/colleagues\/\",\"name\":\"Colleagues - Alba Regia Szimfonikus Zenekar\",\"isPartOf\":{\"@id\":\"https:\/\/arso.hu\/en\/#website\"},\"datePublished\":\"2019-05-27T15:42:11+00:00\",\"dateModified\":\"2021-10-05T09:36:26+00:00\",\"breadcrumb\":{\"@id\":\"https:\/\/arso.hu\/en\/colleagues\/#breadcrumb\"},\"inLanguage\":\"en-US\",\"potentialAction\":[{\"@type\":\"ReadAction\",\"target\":[\"https:\/\/arso.hu\/en\/colleagues\/\"]}]},{\"@type\":\"BreadcrumbList\",\"@id\":\"https:\/\/arso.hu\/en\/colleagues\/#breadcrumb\",\"itemListElement\":[{\"@type\":\"ListItem\",\"position\":1,\"name\":\"Home\",\"item\":\"https:\/\/arso.hu\/en\/\"},{\"@type\":\"ListItem\",\"position\":2,\"name\":\"Colleagues\"}]},{\"@type\":\"WebSite\",\"@id\":\"https:\/\/arso.hu\/en\/#website\",\"url\":\"https:\/\/arso.hu\/en\/\",\"name\":\"Alba Regia Szimfonikus Zenekar\",\"description\":\"Min\u0151s\u00e9gi komolyzene Sz\u00e9kesfeh\u00e9rv\u00e1ron\",\"potentialAction\":[{\"@type\":\"SearchAction\",\"target\":{\"@type\":\"EntryPoint\",\"urlTemplate\":\"https:\/\/arso.hu\/en\/?s={search_term_string}\"},\"query-input\":{\"@type\":\"PropertyValueSpecification\",\"valueRequired\":true,\"valueName\":\"search_term_string\"}}],\"inLanguage\":\"en-US\"}]}<\/script>\n<!-- \/ Yoast SEO plugin. -->","yoast_head_json":{"title":"Colleagues - Alba Regia Szimfonikus Zenekar","robots":{"index":"index","follow":"follow","max-snippet":"max-snippet:-1","max-image-preview":"max-image-preview:large","max-video-preview":"max-video-preview:-1"},"canonical":"https:\/\/arso.hu\/en\/colleagues\/","og_locale":"en_US","og_type":"article","og_title":"Colleagues - Alba Regia Szimfonikus Zenekar","og_description":"ruuff.tamas@arso.huoperativ@arso.huarso@arso.huzt@arso.huprodukcio@arso.hupr@arso.hujegyiroda@arso.humunkaugy@arso.huszamlazas@arso.hukottatar@arso.hu\u200bmuszak@arso.hu","og_url":"https:\/\/arso.hu\/en\/colleagues\/","og_site_name":"Alba Regia Szimfonikus Zenekar","article_modified_time":"2021-10-05T09:36:26+00:00","twitter_card":"summary_large_image","twitter_misc":{"Est. reading time":"4 minutes"},"schema":{"@context":"https:\/\/schema.org","@graph":[{"@type":"WebPage","@id":"https:\/\/arso.hu\/en\/colleagues\/","url":"https:\/\/arso.hu\/en\/colleagues\/","name":"Colleagues - Alba Regia Szimfonikus Zenekar","isPartOf":{"@id":"https:\/\/arso.hu\/en\/#website"},"datePublished":"2019-05-27T15:42:11+00:00","dateModified":"2021-10-05T09:36:26+00:00","breadcrumb":{"@id":"https:\/\/arso.hu\/en\/colleagues\/#breadcrumb"},"inLanguage":"en-US","potentialAction":[{"@type":"ReadAction","target":["https:\/\/arso.hu\/en\/colleagues\/"]}]},{"@type":"BreadcrumbList","@id":"https:\/\/arso.hu\/en\/colleagues\/#breadcrumb","itemListElement":[{"@type":"ListItem","position":1,"name":"Home","item":"https:\/\/arso.hu\/en\/"},{"@type":"ListItem","position":2,"name":"Colleagues"}]},{"@type":"WebSite","@id":"https:\/\/arso.hu\/en\/#website","url":"https:\/\/arso.hu\/en\/","name":"Alba Regia Szimfonikus Zenekar","description":"Min\u0151s\u00e9gi komolyzene Sz\u00e9kesfeh\u00e9rv\u00e1ron","potentialAction":[{"@type":"SearchAction","target":{"@type":"EntryPoint","urlTemplate":"https:\/\/arso.hu\/en\/?s={search_term_string}"},"query-input":{"@type":"PropertyValueSpecification","valueRequired":true,"valueName":"search_term_string"}}],"inLanguage":"en-US"}]}},"_links":{"self":[{"href":"https:\/\/arso.hu\/en\/wp-json\/wp\/v2\/pages\/964","targetHints":{"allow":["GET"]}}],"collection":[{"href":"https:\/\/arso.hu\/en\/wp-json\/wp\/v2\/pages"}],"about":[{"href":"https:\/\/arso.hu\/en\/wp-json\/wp\/v2\/types\/page"}],"author":[{"embeddable":true,"href":"https:\/\/arso.hu\/en\/wp-json\/wp\/v2\/users\/1"}],"replies":[{"embeddable":true,"href":"https:\/\/arso.hu\/en\/wp-json\/wp\/v2\/comments?post=964"}],"version-history":[{"count":15,"href":"https:\/\/arso.hu\/en\/wp-json\/wp\/v2\/pages\/964\/revisions"}],"predecessor-version":[{"id":9048,"href":"https:\/\/arso.hu\/en\/wp-json\/wp\/v2\/pages\/964\/revisions\/9048"}],"wp:attachment":[{"href":"https:\/\/arso.hu\/en\/wp-json\/wp\/v2\/media?parent=964"}],"curies":[{"name":"wp","href":"https:\/\/api.w.org\/{rel}","templated":true}]}}