{"id":960,"date":"2019-05-27T17:35:23","date_gmt":"2019-05-27T15:35:23","guid":{"rendered":"https:\/\/arso.hu\/muveszeti-vezetes-en\/"},"modified":"2022-03-24T10:30:15","modified_gmt":"2022-03-24T09:30:15","slug":"muveszeti-vezetes-en","status":"publish","type":"page","link":"https:\/\/arso.hu\/en\/muveszeti-vezetes-en\/","title":{"rendered":"Art management"},"content":{"rendered":"<p>[et_pb_section fb_built=&#8221;1&#8243; fullwidth=&#8221;on&#8221; _builder_version=&#8221;3.22&#8243;][et_pb_fullwidth_header title=&#8221;@ET-DC@eyJkeW5hbWljIjp0cnVlLCJjb250ZW50IjoicG9zdF90aXRsZSIsInNldHRpbmdzIjp7ImJlZm9yZSI6IiIsImFmdGVyIjoiIn19@&#8221; _builder_version=&#8221;3.22.2&#8243; _dynamic_attributes=&#8221;title&#8221; background_image=&#8221;https:\/\/arso.hu\/wp-content\/uploads\/2019\/02\/Slide1.jpg&#8221; title_text_shadow_style=&#8221;preset2&#8243;]<\/p>\n<p>[\/et_pb_fullwidth_header][\/et_pb_section][et_pb_section fb_built=&#8221;1&#8243; _builder_version=&#8221;3.22.2&#8243;][et_pb_row disabled_on=&#8221;off|off|off&#8221; _builder_version=&#8221;3.25&#8243; background_color=&#8221;rgba(255,255,255,0.5)&#8221; width=&#8221;100%&#8221; max_width=&#8221;100%&#8221; module_alignment=&#8221;center&#8221; custom_padding=&#8221;30px|10%|30px|10%|true|true&#8221; z_index_tablet=&#8221;500&#8243;][et_pb_column type=&#8221;4_4&#8243; _builder_version=&#8221;3.25&#8243; custom_padding=&#8221;|||&#8221; custom_padding__hover=&#8221;|||&#8221;][et_pb_team_member name=&#8221;DOBSZAY, P\u00e9ter&#8221; position=&#8221;Principal Conductor, Artistic Director&#8221; image_url=&#8221;https:\/\/arso.hu\/wp-content\/uploads\/2021\/05\/Dobszay_Peter_415.jpg&#8221; admin_label=&#8221;Dobszay P\u00e9ter &#8211; feh\u00e9r&#8221; _builder_version=&#8221;4.6.5&#8243; z_index_tablet=&#8221;500&#8243;]<\/p>\n<p style=\"text-align: justify;\">DOBSZAY, P\u00e9ter is a Junior Prima Award-winning conductor and organist, Artistic Director and Principal Conductor of the Alba Regia Symphony Orchestra, the first organist of the Church of the Holy Angels of Gazdagr\u00e9t and the Synagogue of Doh\u00e1ny Street, and is a lecturer at the Liszt Ferenc Academy of Music.<\/p>\n<p style=\"text-align: justify;\">He gives concerts worldwide, has conducted in Japan, Russia, Germany and Romania, and gave organ recitals in Israel, Switzerland, Austria and Macedonia. He is the returning guest conductor of almost all professional symphony orchestras in Hungary. He was a finalist and audience award winner of the 2017 Maestro Solti International Conducting Competition.<\/p>\n<p>Website: www.peterdobszay.com<\/p>\n<p>(Photo by V\u00c1RADY, Nikolett)<\/p>\n<p>[\/et_pb_team_member][\/et_pb_column][\/et_pb_row][et_pb_row _builder_version=&#8221;3.25&#8243; background_color=&#8221;rgba(237,237,237,0.5)&#8221; width=&#8221;100%&#8221; max_width=&#8221;100%&#8221; module_alignment=&#8221;center&#8221; custom_padding=&#8221;30px|10%|30px|10%|true|true&#8221;][et_pb_column type=&#8221;4_4&#8243; _builder_version=&#8221;3.25&#8243; custom_padding=&#8221;|||&#8221; custom_padding__hover=&#8221;|||&#8221;][et_pb_team_member name=&#8221;DOBRI, D\u00e1niel&#8221; position=&#8221;Contemporary Music Artistic Director&#8221; image_url=&#8221;https:\/\/arso.hu\/wp-content\/uploads\/2021\/05\/Dobri_Daniel_415.jpg&#8221; admin_label=&#8221;Dobri D\u00e1niel &#8211; sz\u00fcrke&#8221; _builder_version=&#8221;4.6.5&#8243; hover_enabled=&#8221;0&#8243; z_index_tablet=&#8221;500&#8243; sticky_enabled=&#8221;0&#8243;]<\/p>\n<p style=\"text-align: justify;\">DOBRI, D\u00e1niel (1991) composer, resident composer and contemporary (musical) artistic director of the Alba Regia Symphony Orchestra. He obtained his master&#8217;s degree in composition at the Liszt Ferenc Academy of Music in Gyula Fekete&#8217;s class in 2020, and then he was admitted to the Doctoral School of the University of Theatre and Film Arts. He composed the music of more than 60 stage works, contributed to performances of most of Hungary&#8217;s major theatres, and many of his concert pieces were performed with excellent ensembles in Hungary, Italy, Slovakia, Germany and Romania. Since 2012 he has been the permanent composer and music director of the V\u00f6r\u00f6smarty Theatre in Sz\u00e9kesfeh\u00e9rv\u00e1r, and since 2020 he has been a lecturer at the University of Theatre and Film Arts. He is the winner of national and international scholarships, guest participant of prestigious festivals. In the autumn of 2020, he won the 3rd prize at the Competition of the New Hungarian Music Forum (UMZF) with his orchestral work PentaTones for Orchestra.<\/p>\n<p>Website: <a href=\"https:\/\/hu.danieldobri.com\/\">https:\/\/hu.danieldobri.com\/<\/a><\/p>\n<p>(Photo by: OL\u00c1H, Csaba)<\/p>\n<p>[\/et_pb_team_member][\/et_pb_column][\/et_pb_row][et_pb_row disabled_on=&#8221;on|on|on&#8221; _builder_version=&#8221;3.25&#8243; background_color=&#8221;rgba(255,255,255,0.5)&#8221; width=&#8221;100%&#8221; max_width=&#8221;100%&#8221; module_alignment=&#8221;center&#8221; custom_padding=&#8221;30px|10%|30px|10%|true|true&#8221; z_index_tablet=&#8221;500&#8243; disabled=&#8221;on&#8221;][et_pb_column type=&#8221;4_4&#8243; _builder_version=&#8221;3.25&#8243; custom_padding=&#8221;|||&#8221; custom_padding__hover=&#8221;|||&#8221;][et_pb_team_member name=&#8221;\u00c1d\u00e1m Medveczky&#8221; position=&#8221;conductor&#8221; image_url=&#8221;https:\/\/arso.hu\/wp-content\/uploads\/2019\/04\/Medveczky-\u00c1d\u00e1m.jpg&#8221; admin_label=&#8221;Medveczky \u00c1d\u00e1m &#8211; feh\u00e9r&#8221; _builder_version=&#8221;3.22.2&#8243; z_index_tablet=&#8221;500&#8243;]<\/p>\n<p>Kossuth-d\u00edjas karmester, a Magyar \u00c1llami Operah\u00e1z \u00e9s a MAT\u00c1V Szimfonikusok egykori zeneigazgat\u00f3ja, majd a Gy\u0151ri Filharmonikusok volt els\u0151 karmestere. Az Operah\u00e1z rendszeresen visszah\u00edvott vend\u00e9gkarmestere, a Liszt Ferenc Zenem\u0171v\u00e9szeti Egyetem oktat\u00f3ja.<\/p>\n<blockquote>\n<p><em>&#8220;P\u00e1lyakezd\u0151 korom \u00f3ta sz\u00edvesen \u00e9s \u00f6r\u00f6mmel koncertezem Sz\u00e9kesfeh\u00e9rv\u00e1ron. Megkap a v\u00e1ros t\u00f6rt\u00e9nelmi hangulata, a hozz\u00e1\u00e9rt\u0151 k\u00f6z\u00f6ns\u00e9g, a rokonszenves, j\u00f3 k\u00e9pess\u00e9g\u0171 Alba Regia Szimfonikus Zenekar. Sz\u00e1mtalan sz\u00e9p \u00e9s felejthetetlen hangverseny f\u0171z ehhez a v\u00e1roshoz. Nagyon \u00f6r\u00fcl\u00f6k, hogy a j\u00f6v\u0151ben m\u00e9g gyakrabban tal\u00e1lkozhatunk!&#8221;<\/em><\/p>\n<\/blockquote>\n<p>[\/et_pb_team_member][\/et_pb_column][\/et_pb_row][et_pb_row disabled_on=&#8221;on|on|on&#8221; _builder_version=&#8221;3.25&#8243; background_color=&#8221;rgba(237,237,237,0.5)&#8221; width=&#8221;100%&#8221; max_width=&#8221;100%&#8221; module_alignment=&#8221;center&#8221; custom_padding=&#8221;30px|10%|30px|10%|true|true&#8221; z_index_tablet=&#8221;500&#8243; disabled=&#8221;on&#8221;][et_pb_column type=&#8221;4_4&#8243; _builder_version=&#8221;3.25&#8243; custom_padding=&#8221;|||&#8221; custom_padding__hover=&#8221;|||&#8221;][et_pb_team_member name=&#8221;J\u00e1nos \u00c1cs&#8221; position=&#8221;conductor&#8221; image_url=&#8221;https:\/\/arso.hu\/wp-content\/uploads\/2019\/04\/acs-janos.png&#8221; admin_label=&#8221;J\u00e1nos \u00c1cs &#8211; sz\u00fcrke&#8221; _builder_version=&#8221;3.22.2&#8243; z_index_tablet=&#8221;500&#8243;]<\/p>\n<p>Janos Acs, the world famous conductor who was born in Hungary, debuted in Genoa in 1979. His first concert in the USA was at the Opera Colorado in Denver in 1987, where he was principal conductor for seven years later on. He often works with the opera houses in Rome, Florence and Venice. His repertoire includes more than 150 operas and orchestral works.<\/p>\n<p>He is an outstanding expert of the traditions of Italian opera performances. During his career until now he has conducted all the operas of Bellini and Puccini, and the greatest works of Verdi. He has worked together with such great singers of our age as Luciano Pavarotti, Samuel Ramey, Raina Kabaivanska and Giuseppe Giacomini. For years he was the permanent conductor of the concerts of the \u201cThree Tenors\u201d.<\/p>\n<p>[\/et_pb_team_member][\/et_pb_column][\/et_pb_row][et_pb_row disabled_on=&#8221;off|off|off&#8221; _builder_version=&#8221;3.25&#8243; background_color=&#8221;rgba(255,255,255,0.5)&#8221; width=&#8221;100%&#8221; max_width=&#8221;100%&#8221; module_alignment=&#8221;center&#8221; custom_padding=&#8221;30px|10%|30px|10%|true|true&#8221; z_index_tablet=&#8221;500&#8243;][et_pb_column type=&#8221;4_4&#8243; _builder_version=&#8221;3.25&#8243; custom_padding=&#8221;|||&#8221; custom_padding__hover=&#8221;|||&#8221;][et_pb_team_member name=&#8221;Dr SZAB\u00d3, Bal\u00e1zs&#8221; position=&#8221;Art Consultant&#8221; image_url=&#8221;https:\/\/arso.hu\/wp-content\/uploads\/2021\/05\/Szabo_Balazs_415.jpg&#8221; admin_label=&#8221;Szab\u00f3 Bal\u00e1zs&#8221; _builder_version=&#8221;4.6.5&#8243; z_index_tablet=&#8221;500&#8243;]<\/p>\n<p style=\"text-align: justify;\">He began his musical studies at the State Music School in Sz\u00e9kesfeh\u00e9rv\u00e1r, then continued his studies at the Secondary School of Music in Veszpr\u00e9m and in the Faculty of the Liszt Ferenc Academy of Music in Gy\u0151r. In 1993 he obtained his diploma &#8220;Violin Teacher and Chamber Artist&#8221;. Between 1995 and 2000 he studied musicology at the Liszt Ferenc Academy of Music, and in 2000 he received his diploma as a &#8220;Musicologist and Music Literature Teacher&#8221;. He submitted his doctoral thesis entitled &#8220;Form and Meaning in Bart\u00f3k&#8217;s Violin Sonatas&#8221; in 2015, and after successfully defending it, he obtained a doctorate in musicology. Since 1993 he has been a teacher of violin and then music history at the Hermann L\u00e1szl\u00f3 Secondary School of Music in Sz\u00e9kesfeh\u00e9rv\u00e1r and AMI. He is the founder and artistic director of the Musica Bella String Orchestra of the institution. His pedagogical activities were recognized by the Board of Trustees of the &#8220;Foundation for Music Education&#8221; with the Prize for Music Education in 2016. Since 2002 he has been a lecturer and associate professor at the Faculty of Arts of Sz\u00e9chenyi Istv\u00e1n University in Gy\u0151r.<\/p>\n<p>He is a member of the Hungarian Society of Musicology and Music Criticism and the Hungarian Society of Church Music, and a member of the public body of the Hungarian Academy of Sciences. He is the cantor of the Reformed Parish in Budai Street in Sz\u00e9kesfeh\u00e9rv\u00e1r. He is the music critic of the local newspaper \u2013 Fej\u00e9r megyei H\u00edrlap and the artistic director of the Sukoro Music Summer Festival. In January 2021, he was awarded the K\u00d3TA Prize for his work as a music writer.\u00a0<\/p>\n<p>&nbsp;<\/p>\n<p>[\/et_pb_team_member][\/et_pb_column][\/et_pb_row][\/et_pb_section]<\/p>\n","protected":false},"excerpt":{"rendered":"<p>DOBSZAY, P\u00e9ter is a Junior Prima Award-winning conductor and organist, Artistic Director and Principal Conductor of the Alba Regia Symphony Orchestra, the first organist of the Church of the Holy Angels of Gazdagr\u00e9t and the Synagogue of Doh\u00e1ny Street, and is a lecturer at the Liszt Ferenc Academy of Music. He gives concerts worldwide, has [&hellip;]<\/p>\n","protected":false},"author":1,"featured_media":0,"parent":0,"menu_order":0,"comment_status":"closed","ping_status":"closed","template":"","meta":{"_et_pb_use_builder":"on","_et_pb_old_content":"","_et_gb_content_width":"","footnotes":""},"class_list":["post-960","page","type-page","status-publish","hentry"],"yoast_head":"<!-- This site is optimized with the Yoast SEO plugin v24.6 - https:\/\/yoast.com\/wordpress\/plugins\/seo\/ -->\n<title>Art management - Alba Regia Szimfonikus Zenekar<\/title>\n<meta name=\"robots\" content=\"index, follow, max-snippet:-1, max-image-preview:large, max-video-preview:-1\" \/>\n<link rel=\"canonical\" href=\"https:\/\/arso.hu\/en\/muveszeti-vezetes-en\/\" \/>\n<meta property=\"og:locale\" content=\"en_US\" \/>\n<meta property=\"og:type\" content=\"article\" \/>\n<meta property=\"og:title\" content=\"Art management - Alba Regia Szimfonikus Zenekar\" \/>\n<meta property=\"og:description\" content=\"DOBSZAY, P\u00e9ter is a Junior Prima Award-winning conductor and organist, Artistic Director and Principal Conductor of the Alba Regia Symphony Orchestra, the first organist of the Church of the Holy Angels of Gazdagr\u00e9t and the Synagogue of Doh\u00e1ny Street, and is a lecturer at the Liszt Ferenc Academy of Music. He gives concerts worldwide, has [&hellip;]\" \/>\n<meta property=\"og:url\" content=\"https:\/\/arso.hu\/en\/muveszeti-vezetes-en\/\" \/>\n<meta property=\"og:site_name\" content=\"Alba Regia Szimfonikus Zenekar\" \/>\n<meta property=\"article:modified_time\" content=\"2022-03-24T09:30:15+00:00\" \/>\n<meta name=\"twitter:card\" content=\"summary_large_image\" \/>\n<meta name=\"twitter:label1\" content=\"Est. reading time\" \/>\n\t<meta name=\"twitter:data1\" content=\"6 minutes\" \/>\n<script type=\"application\/ld+json\" class=\"yoast-schema-graph\">{\"@context\":\"https:\/\/schema.org\",\"@graph\":[{\"@type\":\"WebPage\",\"@id\":\"https:\/\/arso.hu\/en\/muveszeti-vezetes-en\/\",\"url\":\"https:\/\/arso.hu\/en\/muveszeti-vezetes-en\/\",\"name\":\"Art management - Alba Regia Szimfonikus Zenekar\",\"isPartOf\":{\"@id\":\"https:\/\/arso.hu\/en\/#website\"},\"datePublished\":\"2019-05-27T15:35:23+00:00\",\"dateModified\":\"2022-03-24T09:30:15+00:00\",\"breadcrumb\":{\"@id\":\"https:\/\/arso.hu\/en\/muveszeti-vezetes-en\/#breadcrumb\"},\"inLanguage\":\"en-US\",\"potentialAction\":[{\"@type\":\"ReadAction\",\"target\":[\"https:\/\/arso.hu\/en\/muveszeti-vezetes-en\/\"]}]},{\"@type\":\"BreadcrumbList\",\"@id\":\"https:\/\/arso.hu\/en\/muveszeti-vezetes-en\/#breadcrumb\",\"itemListElement\":[{\"@type\":\"ListItem\",\"position\":1,\"name\":\"Home\",\"item\":\"https:\/\/arso.hu\/en\/\"},{\"@type\":\"ListItem\",\"position\":2,\"name\":\"Art management\"}]},{\"@type\":\"WebSite\",\"@id\":\"https:\/\/arso.hu\/en\/#website\",\"url\":\"https:\/\/arso.hu\/en\/\",\"name\":\"Alba Regia Szimfonikus Zenekar\",\"description\":\"Min\u0151s\u00e9gi komolyzene Sz\u00e9kesfeh\u00e9rv\u00e1ron\",\"potentialAction\":[{\"@type\":\"SearchAction\",\"target\":{\"@type\":\"EntryPoint\",\"urlTemplate\":\"https:\/\/arso.hu\/en\/?s={search_term_string}\"},\"query-input\":{\"@type\":\"PropertyValueSpecification\",\"valueRequired\":true,\"valueName\":\"search_term_string\"}}],\"inLanguage\":\"en-US\"}]}<\/script>\n<!-- \/ Yoast SEO plugin. -->","yoast_head_json":{"title":"Art management - Alba Regia Szimfonikus Zenekar","robots":{"index":"index","follow":"follow","max-snippet":"max-snippet:-1","max-image-preview":"max-image-preview:large","max-video-preview":"max-video-preview:-1"},"canonical":"https:\/\/arso.hu\/en\/muveszeti-vezetes-en\/","og_locale":"en_US","og_type":"article","og_title":"Art management - Alba Regia Szimfonikus Zenekar","og_description":"DOBSZAY, P\u00e9ter is a Junior Prima Award-winning conductor and organist, Artistic Director and Principal Conductor of the Alba Regia Symphony Orchestra, the first organist of the Church of the Holy Angels of Gazdagr\u00e9t and the Synagogue of Doh\u00e1ny Street, and is a lecturer at the Liszt Ferenc Academy of Music. He gives concerts worldwide, has [&hellip;]","og_url":"https:\/\/arso.hu\/en\/muveszeti-vezetes-en\/","og_site_name":"Alba Regia Szimfonikus Zenekar","article_modified_time":"2022-03-24T09:30:15+00:00","twitter_card":"summary_large_image","twitter_misc":{"Est. reading time":"6 minutes"},"schema":{"@context":"https:\/\/schema.org","@graph":[{"@type":"WebPage","@id":"https:\/\/arso.hu\/en\/muveszeti-vezetes-en\/","url":"https:\/\/arso.hu\/en\/muveszeti-vezetes-en\/","name":"Art management - Alba Regia Szimfonikus Zenekar","isPartOf":{"@id":"https:\/\/arso.hu\/en\/#website"},"datePublished":"2019-05-27T15:35:23+00:00","dateModified":"2022-03-24T09:30:15+00:00","breadcrumb":{"@id":"https:\/\/arso.hu\/en\/muveszeti-vezetes-en\/#breadcrumb"},"inLanguage":"en-US","potentialAction":[{"@type":"ReadAction","target":["https:\/\/arso.hu\/en\/muveszeti-vezetes-en\/"]}]},{"@type":"BreadcrumbList","@id":"https:\/\/arso.hu\/en\/muveszeti-vezetes-en\/#breadcrumb","itemListElement":[{"@type":"ListItem","position":1,"name":"Home","item":"https:\/\/arso.hu\/en\/"},{"@type":"ListItem","position":2,"name":"Art management"}]},{"@type":"WebSite","@id":"https:\/\/arso.hu\/en\/#website","url":"https:\/\/arso.hu\/en\/","name":"Alba Regia Szimfonikus Zenekar","description":"Min\u0151s\u00e9gi komolyzene Sz\u00e9kesfeh\u00e9rv\u00e1ron","potentialAction":[{"@type":"SearchAction","target":{"@type":"EntryPoint","urlTemplate":"https:\/\/arso.hu\/en\/?s={search_term_string}"},"query-input":{"@type":"PropertyValueSpecification","valueRequired":true,"valueName":"search_term_string"}}],"inLanguage":"en-US"}]}},"_links":{"self":[{"href":"https:\/\/arso.hu\/en\/wp-json\/wp\/v2\/pages\/960","targetHints":{"allow":["GET"]}}],"collection":[{"href":"https:\/\/arso.hu\/en\/wp-json\/wp\/v2\/pages"}],"about":[{"href":"https:\/\/arso.hu\/en\/wp-json\/wp\/v2\/types\/page"}],"author":[{"embeddable":true,"href":"https:\/\/arso.hu\/en\/wp-json\/wp\/v2\/users\/1"}],"replies":[{"embeddable":true,"href":"https:\/\/arso.hu\/en\/wp-json\/wp\/v2\/comments?post=960"}],"version-history":[{"count":6,"href":"https:\/\/arso.hu\/en\/wp-json\/wp\/v2\/pages\/960\/revisions"}],"predecessor-version":[{"id":10795,"href":"https:\/\/arso.hu\/en\/wp-json\/wp\/v2\/pages\/960\/revisions\/10795"}],"wp:attachment":[{"href":"https:\/\/arso.hu\/en\/wp-json\/wp\/v2\/media?parent=960"}],"curies":[{"name":"wp","href":"https:\/\/api.w.org\/{rel}","templated":true}]}}