{"id":958,"date":"2019-05-27T17:34:59","date_gmt":"2019-05-27T15:34:59","guid":{"rendered":"https:\/\/arso.hu\/artists\/"},"modified":"2022-03-24T14:53:33","modified_gmt":"2022-03-24T13:53:33","slug":"artists","status":"publish","type":"page","link":"https:\/\/arso.hu\/en\/artists\/","title":{"rendered":"Artists"},"content":{"rendered":"<p>[et_pb_section fb_built=&#8221;1&#8243; fullwidth=&#8221;on&#8221; _builder_version=&#8221;3.22&#8243;][et_pb_fullwidth_header title=&#8221;@ET-DC@eyJkeW5hbWljIjp0cnVlLCJjb250ZW50IjoicG9zdF90aXRsZSIsInNldHRpbmdzIjp7ImJlZm9yZSI6IiIsImFmdGVyIjoiIn19@&#8221; _builder_version=&#8221;3.22.2&#8243; _dynamic_attributes=&#8221;title&#8221; background_image=&#8221;https:\/\/arso.hu\/wp-content\/uploads\/2019\/02\/Slide1.jpg&#8221; title_text_shadow_style=&#8221;preset2&#8243;][\/et_pb_fullwidth_header][\/et_pb_section][et_pb_section fb_built=&#8221;1&#8243; _builder_version=&#8221;3.22.2&#8243; custom_padding=&#8221;||0px|||&#8221;][et_pb_row _builder_version=&#8221;3.25&#8243; background_size=&#8221;initial&#8221; background_position=&#8221;top_left&#8221; background_repeat=&#8221;repeat&#8221;][et_pb_column type=&#8221;4_4&#8243; _builder_version=&#8221;3.25&#8243; custom_padding=&#8221;|||&#8221; custom_padding__hover=&#8221;|||&#8221;][et_pb_blurb title=&#8221;Violin&#8221; image=&#8221;https:\/\/arso.hu\/wp-content\/uploads\/2019\/07\/hegedu-jo3.png&#8221; icon_placement=&#8221;left&#8221; content_max_width=&#8221;620px&#8221; admin_label=&#8221;I. heged\u0171&#8221; _builder_version=&#8221;4.6.5&#8243; hover_enabled=&#8221;0&#8243; z_index_tablet=&#8221;500&#8243; custom_css_blurb_image=&#8221;width: 48px;&#8221; sticky_enabled=&#8221;0&#8243;]<\/p>\n<div class=\"titleBox\">\n<p>&nbsp;<\/p>\n<p>BONDOR ERIKA &#8211; DEPUTY CONCERT MASTER<\/p>\n<p>BURJ\u00c1N GABRIELLA \u2013 SECTION LEADER<\/p>\n<p>\u00c1CSN\u00c9-LOV\u00c1SZ, Leila<\/p>\n<p>BOZZAI, Bal\u00e1zs<\/p>\n<p>FAZEKASN\u00c9 SIMON, \u00c1gnes<\/p>\n<p>FEH\u00c9R-SAL\u00c1NKI, Teod\u00f3ra<\/p>\n<p>GU\u00c1THN\u00c9 L\u00c1TOS, Zsuzsanna<\/p>\n<p>HARTY\u00c1NI, \u00c1gnes<\/p>\n<p>JANZS\u00d3, Gergely<\/p>\n<p>L\u00d3KODI-SZIKL\u00c1SI, Szilvia<\/p>\n<p>MOLN\u00c1R, Eszter<\/p>\n<p>P\u00c1PAI-M\u00c1RKUS, J\u00falia<\/p>\n<p>PROH\u00c1SZKA, \u00c1gnes Zs\u00f3fia<\/p>\n<p>S\u00c1RK\u00c1NY, Katalin<\/p>\n<p>SO\u00d3S, \u00c9va<\/p>\n<\/div>\n<p>[\/et_pb_blurb][et_pb_blurb title=&#8221;viola&#8221; image=&#8221;https:\/\/arso.hu\/wp-content\/uploads\/2019\/05\/bracsa.png&#8221; icon_placement=&#8221;left&#8221; content_max_width=&#8221;620px&#8221; admin_label=&#8221;br\u00e1csa&#8221; _builder_version=&#8221;4.6.5&#8243; hover_enabled=&#8221;0&#8243; z_index_tablet=&#8221;500&#8243; custom_css_blurb_image=&#8221;width: 48px;&#8221; sticky_enabled=&#8221;0&#8243;]<\/p>\n<p>KISS, Katalin &#8211; SECTION LEADER<\/p>\n<p>BALOGH, Zsuzsanna<\/p>\n<p>MOLN\u00c1R, Petra<\/p>\n<p>PAULIK, B\u00e9la<\/p>\n<p>&nbsp;<\/p>\n<p>[\/et_pb_blurb][et_pb_blurb title=&#8221;cello&#8221; image=&#8221;https:\/\/arso.hu\/wp-content\/uploads\/2019\/09\/csello3.png&#8221; icon_placement=&#8221;left&#8221; content_max_width=&#8221;620px&#8221; admin_label=&#8221;csell\u00f3&#8221; _builder_version=&#8221;4.6.5&#8243; hover_enabled=&#8221;0&#8243; z_index_tablet=&#8221;500&#8243; custom_css_blurb_image=&#8221;width: 48px;&#8221; sticky_enabled=&#8221;0&#8243;]<\/p>\n<p>K\u00c1R\u00c1SZ, Andr\u00e1s P\u00e9ter &#8211; SECTION LEADER<\/p>\n<p>VALK\u00d3, B\u00e9la &#8211; DEPUTY SECTION LEADER<\/p>\n<p>HARTY\u00c1NI, Zsuzsanna<\/p>\n<p>M\u00c1DY-SZAB\u00d3, Eszter<\/p>\n<p>[\/et_pb_blurb][et_pb_blurb title=&#8221;double bass&#8221; image=&#8221;https:\/\/arso.hu\/wp-content\/uploads\/2019\/05\/nagybogo.png&#8221; icon_placement=&#8221;left&#8221; content_max_width=&#8221;620px&#8221; admin_label=&#8221;b\u0151g\u0151&#8221; _builder_version=&#8221;4.6.5&#8243; hover_enabled=&#8221;0&#8243; z_index_tablet=&#8221;500&#8243; custom_css_blurb_image=&#8221;width: 48px;&#8221; sticky_enabled=&#8221;0&#8243;]<\/p>\n<p>GY\u00d6RGY, Attila &#8211; SECTION LEADER<\/p>\n<p>HOSSZ\u00da, Krist\u00f3f<\/p>\n<p>NAGY, Ferenc<\/p>\n<p>[\/et_pb_blurb][et_pb_blurb title=&#8221;flute&#8221; image=&#8221;https:\/\/arso.hu\/wp-content\/uploads\/2019\/05\/fuvola.png&#8221; icon_placement=&#8221;left&#8221; content_max_width=&#8221;620px&#8221; admin_label=&#8221;fuvola&#8221; _builder_version=&#8221;4.6.5&#8243; hover_enabled=&#8221;0&#8243; z_index_tablet=&#8221;500&#8243; custom_css_blurb_image=&#8221;width: 48px;&#8221; sticky_enabled=&#8221;0&#8243;]<\/p>\n<p>CHIKARA SUGANO<\/p>\n<p>D\u00c1VID, Bogl\u00e1rka<\/p>\n<p>H\u00c1MORI, Zs\u00f3fia<\/p>\n<p>MENYH\u00c1RT, Eszter<\/p>\n<p>[\/et_pb_blurb][et_pb_blurb title=&#8221;oboe&#8221; image=&#8221;https:\/\/arso.hu\/wp-content\/uploads\/2019\/09\/oboa-jo3.png&#8221; icon_placement=&#8221;left&#8221; content_max_width=&#8221;620px&#8221; admin_label=&#8221;oboa&#8221; _builder_version=&#8221;4.6.5&#8243; hover_enabled=&#8221;0&#8243; z_index_tablet=&#8221;500&#8243; custom_css_blurb_image=&#8221;width: 48px;&#8221; sticky_enabled=&#8221;0&#8243;]<\/p>\n<p>F\u00d3RIS, Istv\u00e1n &#8211; SECTION LEADER<\/p>\n<p>BERTALAN, \u00c1kos<\/p>\n<p>GY\u0150RI, Andr\u00e1s<\/p>\n<p>[\/et_pb_blurb][et_pb_blurb title=&#8221;clarinet&#8221; image=&#8221;https:\/\/arso.hu\/wp-content\/uploads\/2019\/05\/oboa.png&#8221; icon_placement=&#8221;left&#8221; content_max_width=&#8221;620px&#8221; admin_label=&#8221;klairn\u00e9t&#8221; _builder_version=&#8221;4.6.5&#8243; hover_enabled=&#8221;0&#8243; z_index_tablet=&#8221;500&#8243; custom_css_blurb_image=&#8221;width: 48px;&#8221; sticky_enabled=&#8221;0&#8243;]<\/p>\n<p>D\u00c1VID, J\u00f3zsef &#8211; SECTION LEADER<\/p>\n<p>KURUCZ, Levente<\/p>\n<p>SZAK\u00c1CS, Domonkos<\/p>\n<p>[\/et_pb_blurb][et_pb_blurb title=&#8221;bassoon&#8221; image=&#8221;https:\/\/arso.hu\/wp-content\/uploads\/2019\/09\/fagott-jo2.png&#8221; icon_placement=&#8221;left&#8221; content_max_width=&#8221;620px&#8221; admin_label=&#8221;fagott&#8221; _builder_version=&#8221;4.6.5&#8243; hover_enabled=&#8221;0&#8243; z_index_tablet=&#8221;500&#8243; custom_css_blurb_image=&#8221;width: 48px;&#8221; sticky_enabled=&#8221;0&#8243;]<\/p>\n<p>CZIROK, Zsuzsanna<\/p>\n<p>HARS\u00c1NYI, Zsolt<\/p>\n<div class=\"et_pb_module et_pb_blurb et_pb_blurb_7  et_pb_text_align_left  et_pb_blurb_position_left et_pb_bg_layout_light\">\n<div class=\"et_pb_blurb_content\">\n<div class=\"et_pb_blurb_container\">\n<div class=\"et_pb_blurb_description\">\n<p>T\u00d3TH, S\u00e1ra Rebeka<\/p>\n<\/div>\n<\/div>\n<\/div>\n<\/div>\n<div class=\"et_pb_module et_pb_blurb et_pb_blurb_8  et_pb_text_align_left  et_pb_blurb_position_left et_pb_bg_layout_light\">\n<div class=\"et_pb_blurb_content\">\n<div class=\"et_pb_main_blurb_image\">\u00a0<\/div>\n<\/div>\n<\/div>\n<p>[\/et_pb_blurb][et_pb_blurb title=&#8221;horn&#8221; image=&#8221;https:\/\/arso.hu\/wp-content\/uploads\/2019\/05\/kurt.png&#8221; icon_placement=&#8221;left&#8221; content_max_width=&#8221;620px&#8221; admin_label=&#8221;k\u00fcrt&#8221; _builder_version=&#8221;4.6.5&#8243; hover_enabled=&#8221;0&#8243; z_index_tablet=&#8221;500&#8243; custom_css_blurb_image=&#8221;width: 48px;&#8221; sticky_enabled=&#8221;0&#8243;]<\/p>\n<p>KOV\u00c1CS, Gergely<\/p>\n<p>KOV\u00c1TS, Imre<\/p>\n<p>DOBI, Edvin<\/p>\n<p>BALOGH, Botty\u00e1n Zolt\u00e1n<\/p>\n<p>[\/et_pb_blurb][et_pb_blurb title=&#8221;trumpet&#8221; image=&#8221;https:\/\/arso.hu\/wp-content\/uploads\/2019\/05\/trombita.png&#8221; icon_placement=&#8221;left&#8221; content_max_width=&#8221;620px&#8221; admin_label=&#8221;trombita&#8221; _builder_version=&#8221;4.6.5&#8243; hover_enabled=&#8221;0&#8243; z_index_tablet=&#8221;500&#8243; custom_css_blurb_image=&#8221;width: 48px;&#8221; sticky_enabled=&#8221;0&#8243;]<\/p>\n<p>NAGY, Eleon\u00f3ra<\/p>\n<p>OTTM\u00c1R, D\u00e1vid<\/p>\n<p>WILLMEK, Zolt\u00e1n<\/p>\n<p>[\/et_pb_blurb][et_pb_blurb title=&#8221;trombone&#8221; image=&#8221;https:\/\/arso.hu\/wp-content\/uploads\/2019\/09\/harsona3.png&#8221; icon_placement=&#8221;left&#8221; content_max_width=&#8221;620px&#8221; admin_label=&#8221;harsona&#8221; _builder_version=&#8221;4.6.5&#8243; hover_enabled=&#8221;0&#8243; z_index_tablet=&#8221;500&#8243; custom_css_blurb_image=&#8221;width: 48px;&#8221; sticky_enabled=&#8221;0&#8243;]<\/p>\n<p>DOBI, J\u00e1nos M\u00e1ty\u00e1s<\/p>\n<p>BALOGH, S\u00e1ndor<\/p>\n<p>SZTRANY\u00c1K, D\u00e1vid<\/p>\n<p>[\/et_pb_blurb][et_pb_blurb title=&#8221;percussions&#8221; image=&#8221;https:\/\/arso.hu\/wp-content\/uploads\/2019\/05\/ustdob.png&#8221; icon_placement=&#8221;left&#8221; content_max_width=&#8221;620px&#8221; admin_label=&#8221;\u00fct\u0151shangszerek&#8221; _builder_version=&#8221;4.6.5&#8243; hover_enabled=&#8221;0&#8243; z_index_tablet=&#8221;500&#8243; custom_css_blurb_image=&#8221;width: 48px;&#8221; sticky_enabled=&#8221;0&#8243;]<\/p>\n<p>HORV\u00c1TH, G\u00e1bor<\/p>\n<p>&nbsp;<\/p>\n<p>[\/et_pb_blurb][\/et_pb_column][\/et_pb_row][\/et_pb_section]<\/p>\n","protected":false},"excerpt":{"rendered":"<p>&nbsp; BONDOR ERIKA &#8211; DEPUTY CONCERT MASTER BURJ\u00c1N GABRIELLA \u2013 SECTION LEADER \u00c1CSN\u00c9-LOV\u00c1SZ, Leila BOZZAI, Bal\u00e1zs FAZEKASN\u00c9 SIMON, \u00c1gnes FEH\u00c9R-SAL\u00c1NKI, Teod\u00f3ra GU\u00c1THN\u00c9 L\u00c1TOS, Zsuzsanna HARTY\u00c1NI, \u00c1gnes JANZS\u00d3, Gergely L\u00d3KODI-SZIKL\u00c1SI, Szilvia MOLN\u00c1R, Eszter P\u00c1PAI-M\u00c1RKUS, J\u00falia PROH\u00c1SZKA, \u00c1gnes Zs\u00f3fia S\u00c1RK\u00c1NY, Katalin SO\u00d3S, \u00c9va KISS, Katalin &#8211; SECTION LEADER BALOGH, Zsuzsanna MOLN\u00c1R, Petra PAULIK, B\u00e9la &nbsp; K\u00c1R\u00c1SZ, Andr\u00e1s [&hellip;]<\/p>\n","protected":false},"author":2,"featured_media":0,"parent":0,"menu_order":0,"comment_status":"closed","ping_status":"closed","template":"","meta":{"_et_pb_use_builder":"on","_et_pb_old_content":"","_et_gb_content_width":"","footnotes":""},"class_list":["post-958","page","type-page","status-publish","hentry"],"yoast_head":"<!-- This site is optimized with the Yoast SEO plugin v24.6 - https:\/\/yoast.com\/wordpress\/plugins\/seo\/ -->\n<title>Artists - Alba Regia Szimfonikus Zenekar<\/title>\n<meta name=\"robots\" content=\"index, follow, max-snippet:-1, max-image-preview:large, max-video-preview:-1\" \/>\n<link rel=\"canonical\" href=\"https:\/\/arso.hu\/en\/artists\/\" \/>\n<meta property=\"og:locale\" content=\"en_US\" \/>\n<meta property=\"og:type\" content=\"article\" \/>\n<meta property=\"og:title\" content=\"Artists - Alba Regia Szimfonikus Zenekar\" \/>\n<meta property=\"og:description\" content=\"&nbsp; BONDOR ERIKA - DEPUTY CONCERT MASTER BURJ\u00c1N GABRIELLA \u2013 SECTION LEADER \u00c1CSN\u00c9-LOV\u00c1SZ, Leila BOZZAI, Bal\u00e1zs FAZEKASN\u00c9 SIMON, \u00c1gnes FEH\u00c9R-SAL\u00c1NKI, Teod\u00f3ra GU\u00c1THN\u00c9 L\u00c1TOS, Zsuzsanna HARTY\u00c1NI, \u00c1gnes JANZS\u00d3, Gergely L\u00d3KODI-SZIKL\u00c1SI, Szilvia MOLN\u00c1R, Eszter P\u00c1PAI-M\u00c1RKUS, J\u00falia PROH\u00c1SZKA, \u00c1gnes Zs\u00f3fia S\u00c1RK\u00c1NY, Katalin SO\u00d3S, \u00c9va KISS, Katalin - SECTION LEADER BALOGH, Zsuzsanna MOLN\u00c1R, Petra PAULIK, B\u00e9la &nbsp; K\u00c1R\u00c1SZ, Andr\u00e1s [&hellip;]\" \/>\n<meta property=\"og:url\" content=\"https:\/\/arso.hu\/en\/artists\/\" \/>\n<meta property=\"og:site_name\" content=\"Alba Regia Szimfonikus Zenekar\" \/>\n<meta property=\"article:modified_time\" content=\"2022-03-24T13:53:33+00:00\" \/>\n<meta name=\"twitter:card\" content=\"summary_large_image\" \/>\n<meta name=\"twitter:label1\" content=\"Est. reading time\" \/>\n\t<meta name=\"twitter:data1\" content=\"4 minutes\" \/>\n<script type=\"application\/ld+json\" class=\"yoast-schema-graph\">{\"@context\":\"https:\/\/schema.org\",\"@graph\":[{\"@type\":\"WebPage\",\"@id\":\"https:\/\/arso.hu\/en\/artists\/\",\"url\":\"https:\/\/arso.hu\/en\/artists\/\",\"name\":\"Artists - Alba Regia Szimfonikus Zenekar\",\"isPartOf\":{\"@id\":\"https:\/\/arso.hu\/en\/#website\"},\"datePublished\":\"2019-05-27T15:34:59+00:00\",\"dateModified\":\"2022-03-24T13:53:33+00:00\",\"breadcrumb\":{\"@id\":\"https:\/\/arso.hu\/en\/artists\/#breadcrumb\"},\"inLanguage\":\"en-US\",\"potentialAction\":[{\"@type\":\"ReadAction\",\"target\":[\"https:\/\/arso.hu\/en\/artists\/\"]}]},{\"@type\":\"BreadcrumbList\",\"@id\":\"https:\/\/arso.hu\/en\/artists\/#breadcrumb\",\"itemListElement\":[{\"@type\":\"ListItem\",\"position\":1,\"name\":\"Home\",\"item\":\"https:\/\/arso.hu\/en\/\"},{\"@type\":\"ListItem\",\"position\":2,\"name\":\"Artists\"}]},{\"@type\":\"WebSite\",\"@id\":\"https:\/\/arso.hu\/en\/#website\",\"url\":\"https:\/\/arso.hu\/en\/\",\"name\":\"Alba Regia Szimfonikus Zenekar\",\"description\":\"Min\u0151s\u00e9gi komolyzene Sz\u00e9kesfeh\u00e9rv\u00e1ron\",\"potentialAction\":[{\"@type\":\"SearchAction\",\"target\":{\"@type\":\"EntryPoint\",\"urlTemplate\":\"https:\/\/arso.hu\/en\/?s={search_term_string}\"},\"query-input\":{\"@type\":\"PropertyValueSpecification\",\"valueRequired\":true,\"valueName\":\"search_term_string\"}}],\"inLanguage\":\"en-US\"}]}<\/script>\n<!-- \/ Yoast SEO plugin. -->","yoast_head_json":{"title":"Artists - Alba Regia Szimfonikus Zenekar","robots":{"index":"index","follow":"follow","max-snippet":"max-snippet:-1","max-image-preview":"max-image-preview:large","max-video-preview":"max-video-preview:-1"},"canonical":"https:\/\/arso.hu\/en\/artists\/","og_locale":"en_US","og_type":"article","og_title":"Artists - Alba Regia Szimfonikus Zenekar","og_description":"&nbsp; BONDOR ERIKA - DEPUTY CONCERT MASTER BURJ\u00c1N GABRIELLA \u2013 SECTION LEADER \u00c1CSN\u00c9-LOV\u00c1SZ, Leila BOZZAI, Bal\u00e1zs FAZEKASN\u00c9 SIMON, \u00c1gnes FEH\u00c9R-SAL\u00c1NKI, Teod\u00f3ra GU\u00c1THN\u00c9 L\u00c1TOS, Zsuzsanna HARTY\u00c1NI, \u00c1gnes JANZS\u00d3, Gergely L\u00d3KODI-SZIKL\u00c1SI, Szilvia MOLN\u00c1R, Eszter P\u00c1PAI-M\u00c1RKUS, J\u00falia PROH\u00c1SZKA, \u00c1gnes Zs\u00f3fia S\u00c1RK\u00c1NY, Katalin SO\u00d3S, \u00c9va KISS, Katalin - SECTION LEADER BALOGH, Zsuzsanna MOLN\u00c1R, Petra PAULIK, B\u00e9la &nbsp; K\u00c1R\u00c1SZ, Andr\u00e1s [&hellip;]","og_url":"https:\/\/arso.hu\/en\/artists\/","og_site_name":"Alba Regia Szimfonikus Zenekar","article_modified_time":"2022-03-24T13:53:33+00:00","twitter_card":"summary_large_image","twitter_misc":{"Est. reading time":"4 minutes"},"schema":{"@context":"https:\/\/schema.org","@graph":[{"@type":"WebPage","@id":"https:\/\/arso.hu\/en\/artists\/","url":"https:\/\/arso.hu\/en\/artists\/","name":"Artists - Alba Regia Szimfonikus Zenekar","isPartOf":{"@id":"https:\/\/arso.hu\/en\/#website"},"datePublished":"2019-05-27T15:34:59+00:00","dateModified":"2022-03-24T13:53:33+00:00","breadcrumb":{"@id":"https:\/\/arso.hu\/en\/artists\/#breadcrumb"},"inLanguage":"en-US","potentialAction":[{"@type":"ReadAction","target":["https:\/\/arso.hu\/en\/artists\/"]}]},{"@type":"BreadcrumbList","@id":"https:\/\/arso.hu\/en\/artists\/#breadcrumb","itemListElement":[{"@type":"ListItem","position":1,"name":"Home","item":"https:\/\/arso.hu\/en\/"},{"@type":"ListItem","position":2,"name":"Artists"}]},{"@type":"WebSite","@id":"https:\/\/arso.hu\/en\/#website","url":"https:\/\/arso.hu\/en\/","name":"Alba Regia Szimfonikus Zenekar","description":"Min\u0151s\u00e9gi komolyzene Sz\u00e9kesfeh\u00e9rv\u00e1ron","potentialAction":[{"@type":"SearchAction","target":{"@type":"EntryPoint","urlTemplate":"https:\/\/arso.hu\/en\/?s={search_term_string}"},"query-input":{"@type":"PropertyValueSpecification","valueRequired":true,"valueName":"search_term_string"}}],"inLanguage":"en-US"}]}},"_links":{"self":[{"href":"https:\/\/arso.hu\/en\/wp-json\/wp\/v2\/pages\/958","targetHints":{"allow":["GET"]}}],"collection":[{"href":"https:\/\/arso.hu\/en\/wp-json\/wp\/v2\/pages"}],"about":[{"href":"https:\/\/arso.hu\/en\/wp-json\/wp\/v2\/types\/page"}],"author":[{"embeddable":true,"href":"https:\/\/arso.hu\/en\/wp-json\/wp\/v2\/users\/2"}],"replies":[{"embeddable":true,"href":"https:\/\/arso.hu\/en\/wp-json\/wp\/v2\/comments?post=958"}],"version-history":[{"count":8,"href":"https:\/\/arso.hu\/en\/wp-json\/wp\/v2\/pages\/958\/revisions"}],"predecessor-version":[{"id":10808,"href":"https:\/\/arso.hu\/en\/wp-json\/wp\/v2\/pages\/958\/revisions\/10808"}],"wp:attachment":[{"href":"https:\/\/arso.hu\/en\/wp-json\/wp\/v2\/media?parent=958"}],"curies":[{"name":"wp","href":"https:\/\/api.w.org\/{rel}","templated":true}]}}