{"id":939,"date":"2019-05-27T16:41:28","date_gmt":"2019-05-27T14:41:28","guid":{"rendered":"https:\/\/arso.hu\/history\/"},"modified":"2019-05-27T16:56:24","modified_gmt":"2019-05-27T14:56:24","slug":"history","status":"publish","type":"page","link":"https:\/\/arso.hu\/en\/history\/","title":{"rendered":"Orchestra history"},"content":{"rendered":"<p>[et_pb_section fb_built=&#8221;1&#8243; fullwidth=&#8221;on&#8221; _builder_version=&#8221;3.22&#8243;][et_pb_fullwidth_header title=&#8221;@ET-DC@eyJkeW5hbWljIjp0cnVlLCJjb250ZW50IjoicG9zdF90aXRsZSIsInNldHRpbmdzIjp7ImJlZm9yZSI6IiIsImFmdGVyIjoiIn19@&#8221; _builder_version=&#8221;3.22.2&#8243; _dynamic_attributes=&#8221;title&#8221; title_text_shadow_style=&#8221;preset2&#8243; background_image=&#8221;https:\/\/arso.hu\/wp-content\/uploads\/2019\/02\/Slide1.jpg&#8221;][\/et_pb_fullwidth_header][\/et_pb_section][et_pb_section fb_built=&#8221;1&#8243; specialty=&#8221;on&#8221; _builder_version=&#8221;3.22.2&#8243;][et_pb_column type=&#8221;2_3&#8243; specialty_columns=&#8221;2&#8243;][et_pb_row_inner _builder_version=&#8221;3.22.2&#8243;][et_pb_column_inner type=&#8221;4_4&#8243; saved_specialty_column_type=&#8221;2_3&#8243;][et_pb_image src=&#8221;https:\/\/arso.hu\/wp-content\/uploads\/2019\/04\/alba-regia-szimfonikus-zenekar.jpg&#8221; alt=&#8221;Alba Regia Symphony Orchestra&#8221; title_text=&#8221;Alba Regia Symphony Orchestra&#8221; _builder_version=&#8221;3.22.2&#8243; z_index_tablet=&#8221;500&#8243; locked=&#8221;off&#8221;][\/et_pb_image][et_pb_text _builder_version=&#8221;3.22.2&#8243; z_index_tablet=&#8221;500&#8243; locked=&#8221;off&#8221;]<\/p>\n<h1>Alba Regia Symphony Orchestra<\/h1>\n<p><strong>A new period started on 1 January 2015 in the life of the Alba Regia Symphony Orchestra, as an independent institution it could act more intensively for the diversity of Hungarian cultural life.<\/strong><\/p>\n<p>The Sz\u00e9kesfeh\u00e9rv\u00e1r (Hungary)-based Alba Regia Symphony Orchestra has a history of more than a century: its legal predecessor was the Association of Music Lovers of Sz\u00e9kesfeh\u00e9rv\u00e1r, which was founded in 1901, and it was an orchestra of outstanding scale and standard nationally, which successfully established the practice of symphonic concerts in the city, with the direction of such excellent conductors as Rich\u00e1rd Fricsay.<\/p>\n<p>The association was reorganised in 1950 under the name Sz\u00e9kesfeh\u00e9rv\u00e1r Symphony Orchestra: for a long time it had worked in co-operation with Theatre V\u00f6r\u00f6smarty, until it became independent on 1 January 2015.<\/p>\n<p>During the last decades such an orchestra has operated in the City of Kings which has guarded the traditions with respect, yet it has continuously renewed itself, with its programmes compiled for various generations and the music lovers of different genres it has served the requirements of the audience living in the city and its surroundings fond of music at a high level.<\/p>\n<p>In this work it co-operates with the other music ensembles of Sz\u00e9kesfeh\u00e9rv\u00e1r, it monitors and, in as much as it is possible, it provides an opportunity for young artists of the region to go on stage, yet it also emphasises that as many musicians of national and international fame should appear on the stages of the city as possible.<\/p>\n<p>The list of names of artists \u2013 including conductors, singers and instrumental artists \u2013 who have played in recent decades in Sz\u00e9kesfeh\u00e9rv\u00e1r commands respect: without providing a comprehensive list, we can mention the names of conductors (Andr\u00e1s Kor\u00f3di, Mikl\u00f3s Erd\u00e9lyi, \u00c1d\u00e1m Medveczky), piano artists (Annie Fischer, Dezs\u0151 R\u00e1nki, Gergely Bog\u00e1nyi), violinists (D\u00e9nes Kov\u00e1cs, Albert Kocsis, Mikl\u00f3s Szenthelyi, Vilmos Szabadi) and opera singers (Erzs\u00e9bet H\u00e1zy, Andrea Rost, Erika Mikl\u00f3sa, Csilla Boross, J\u00f3zsef Sim\u00e1ndy, Gy\u00f6rgy Radnai, Mih\u00e1ly K\u00e1lm\u00e1ndy).<\/p>\n<p>In recent decades Alba Regia Symphony Orchestra has performed in Hungarian concert stages with great success. In 2007 it was invited for the first time to the Palace of Arts of Budapest (to the B\u00e9la Bart\u00f3k National Concert Hall), it performed in the Academy of Music, and in this season it will also give a concert in the Kod\u00e1ly Centre in P\u00e9cs.<\/p>\n<p>Naturally the most important task of the orchestra, reorganised three years ago, is to fulfil the flagship role in the musical life of Sz\u00e9kesfeh\u00e9rv\u00e1r: in addition to the traditional concerts of Easter, Christmas and All Souls\u2019 Day, they are permanent participants of the season ticket concerts of the Philharmonic. They await the interested music lovers with four of their own series: the \u201cScore Series of Concerts for the Youth\u201d, which is aimed at the younger generation; the \u201cFerenc Farkas Concert Season Ticket\u201d of symphonic orchestra; the series \u201c Harmonia Albensis \u2013 Church Concerts\u201d, which turns the downtown of the city into a location of festival during summers; and the \u201cFerenc Somorjai Chamber Orchestra Concert Series\u201d. And the concert \u201cMusica Sacra\u201d, one of the greatest events of the cultural life of Sz\u00e9kesfeh\u00e9rv\u00e1r, has already become a part of the carefully guarded traditions of the orchestra. This event presents the masterpieces of church music on the enormous open-air stage built above the ruins of the crowning Basilica.<\/p>\n<p>The repertoire of the orchestra ranges from Baroque to contemporary music, paying special attention to oratorical genres: in general they perform the works of Bach, H\u00e4ndel, Mozart, Liszt, Brahms or Verdi with the participation of the choirs of the city. Recently they have been active in the presentation of early music, but high-standard popular music also appears in their repertoire, and they play theatrical music at a high level: they played with great success, along others, two theatrical works of Kod\u00e1ly (J\u00e1nos H\u00e1ry, and The Spinning Room); Cavalleria Rusticana [Rustic Chivalry] by Mascagni; and The Marriage of Figaro by Mozart; and several popular operettas.<\/p>\n<p>The orchestra, which plays a pivotal role in the artistic life of Sz\u00e9kesfeh\u00e9rv\u00e1r, has already become famous internationally as well, thus, making a name for itself and the City of Kings: last year they gave successful concerts in the renowned theatres of Italy (in Lecce and Florence), and at the beginning of 2018 they performed a tour in England in co-operation with the Moscow City Ballet, giving concerts to the audiences in Nottingham (Royal Concert Hall) and Manchester (Palace Theatre). The artistic work of the orchestra is currently directed by conductor Gergely Dub\u00f3czky.<br \/>\n[\/et_pb_text][\/et_pb_column_inner][\/et_pb_row_inner][et_pb_row_inner use_custom_gutter=&#8221;on&#8221; gutter_width=&#8221;1&#8243; _builder_version=&#8221;3.22.2&#8243;][et_pb_column_inner type=&#8221;4_4&#8243; saved_specialty_column_type=&#8221;2_3&#8243;][et_pb_gallery gallery_ids=&#8221;538,540,542,544&#8243; show_title_and_caption=&#8221;off&#8221; show_pagination=&#8221;off&#8221; _builder_version=&#8221;3.22.2&#8243; z_index_tablet=&#8221;500&#8243; locked=&#8221;off&#8221;][\/et_pb_gallery][\/et_pb_column_inner][\/et_pb_row_inner][\/et_pb_column][et_pb_column type=&#8221;1_3&#8243;][et_pb_sidebar orientation=&#8221;right&#8221; area=&#8221;sidebar-1&#8243; show_border=&#8221;off&#8221; _builder_version=&#8221;3.22.2&#8243; z_index_tablet=&#8221;500&#8243; locked=&#8221;off&#8221;][\/et_pb_sidebar][\/et_pb_column][\/et_pb_section]<\/p>\n","protected":false},"excerpt":{"rendered":"<p>Alba Regia Symphony Orchestra A new period started on 1 January 2015 in the life of the Alba Regia Symphony Orchestra, as an independent institution it could act more intensively for the diversity of Hungarian cultural life. The Sz\u00e9kesfeh\u00e9rv\u00e1r (Hungary)-based Alba Regia Symphony Orchestra has a history of more than a century: its legal predecessor [&hellip;]<\/p>\n","protected":false},"author":1,"featured_media":0,"parent":0,"menu_order":0,"comment_status":"closed","ping_status":"closed","template":"","meta":{"_et_pb_use_builder":"on","_et_pb_old_content":"","_et_gb_content_width":"","footnotes":""},"class_list":["post-939","page","type-page","status-publish","hentry"],"yoast_head":"<!-- This site is optimized with the Yoast SEO plugin v24.6 - https:\/\/yoast.com\/wordpress\/plugins\/seo\/ -->\n<title>Orchestra history - Alba Regia Szimfonikus Zenekar<\/title>\n<meta name=\"robots\" content=\"index, follow, max-snippet:-1, max-image-preview:large, max-video-preview:-1\" \/>\n<link rel=\"canonical\" href=\"https:\/\/arso.hu\/en\/history\/\" \/>\n<meta property=\"og:locale\" content=\"en_US\" \/>\n<meta property=\"og:type\" content=\"article\" \/>\n<meta property=\"og:title\" content=\"Orchestra history - Alba Regia Szimfonikus Zenekar\" \/>\n<meta property=\"og:description\" content=\"Alba Regia Symphony Orchestra A new period started on 1 January 2015 in the life of the Alba Regia Symphony Orchestra, as an independent institution it could act more intensively for the diversity of Hungarian cultural life. The Sz\u00e9kesfeh\u00e9rv\u00e1r (Hungary)-based Alba Regia Symphony Orchestra has a history of more than a century: its legal predecessor [&hellip;]\" \/>\n<meta property=\"og:url\" content=\"https:\/\/arso.hu\/en\/history\/\" \/>\n<meta property=\"og:site_name\" content=\"Alba Regia Szimfonikus Zenekar\" \/>\n<meta property=\"article:modified_time\" content=\"2019-05-27T14:56:24+00:00\" \/>\n<meta name=\"twitter:card\" content=\"summary_large_image\" \/>\n<meta name=\"twitter:label1\" content=\"Est. reading time\" \/>\n\t<meta name=\"twitter:data1\" content=\"5 minutes\" \/>\n<script type=\"application\/ld+json\" class=\"yoast-schema-graph\">{\"@context\":\"https:\/\/schema.org\",\"@graph\":[{\"@type\":\"WebPage\",\"@id\":\"https:\/\/arso.hu\/en\/history\/\",\"url\":\"https:\/\/arso.hu\/en\/history\/\",\"name\":\"Orchestra history - Alba Regia Szimfonikus Zenekar\",\"isPartOf\":{\"@id\":\"https:\/\/arso.hu\/en\/#website\"},\"datePublished\":\"2019-05-27T14:41:28+00:00\",\"dateModified\":\"2019-05-27T14:56:24+00:00\",\"breadcrumb\":{\"@id\":\"https:\/\/arso.hu\/en\/history\/#breadcrumb\"},\"inLanguage\":\"en-US\",\"potentialAction\":[{\"@type\":\"ReadAction\",\"target\":[\"https:\/\/arso.hu\/en\/history\/\"]}]},{\"@type\":\"BreadcrumbList\",\"@id\":\"https:\/\/arso.hu\/en\/history\/#breadcrumb\",\"itemListElement\":[{\"@type\":\"ListItem\",\"position\":1,\"name\":\"Home\",\"item\":\"https:\/\/arso.hu\/en\/\"},{\"@type\":\"ListItem\",\"position\":2,\"name\":\"Orchestra history\"}]},{\"@type\":\"WebSite\",\"@id\":\"https:\/\/arso.hu\/en\/#website\",\"url\":\"https:\/\/arso.hu\/en\/\",\"name\":\"Alba Regia Szimfonikus Zenekar\",\"description\":\"Min\u0151s\u00e9gi komolyzene Sz\u00e9kesfeh\u00e9rv\u00e1ron\",\"potentialAction\":[{\"@type\":\"SearchAction\",\"target\":{\"@type\":\"EntryPoint\",\"urlTemplate\":\"https:\/\/arso.hu\/en\/?s={search_term_string}\"},\"query-input\":{\"@type\":\"PropertyValueSpecification\",\"valueRequired\":true,\"valueName\":\"search_term_string\"}}],\"inLanguage\":\"en-US\"}]}<\/script>\n<!-- \/ Yoast SEO plugin. -->","yoast_head_json":{"title":"Orchestra history - Alba Regia Szimfonikus Zenekar","robots":{"index":"index","follow":"follow","max-snippet":"max-snippet:-1","max-image-preview":"max-image-preview:large","max-video-preview":"max-video-preview:-1"},"canonical":"https:\/\/arso.hu\/en\/history\/","og_locale":"en_US","og_type":"article","og_title":"Orchestra history - Alba Regia Szimfonikus Zenekar","og_description":"Alba Regia Symphony Orchestra A new period started on 1 January 2015 in the life of the Alba Regia Symphony Orchestra, as an independent institution it could act more intensively for the diversity of Hungarian cultural life. The Sz\u00e9kesfeh\u00e9rv\u00e1r (Hungary)-based Alba Regia Symphony Orchestra has a history of more than a century: its legal predecessor [&hellip;]","og_url":"https:\/\/arso.hu\/en\/history\/","og_site_name":"Alba Regia Szimfonikus Zenekar","article_modified_time":"2019-05-27T14:56:24+00:00","twitter_card":"summary_large_image","twitter_misc":{"Est. reading time":"5 minutes"},"schema":{"@context":"https:\/\/schema.org","@graph":[{"@type":"WebPage","@id":"https:\/\/arso.hu\/en\/history\/","url":"https:\/\/arso.hu\/en\/history\/","name":"Orchestra history - Alba Regia Szimfonikus Zenekar","isPartOf":{"@id":"https:\/\/arso.hu\/en\/#website"},"datePublished":"2019-05-27T14:41:28+00:00","dateModified":"2019-05-27T14:56:24+00:00","breadcrumb":{"@id":"https:\/\/arso.hu\/en\/history\/#breadcrumb"},"inLanguage":"en-US","potentialAction":[{"@type":"ReadAction","target":["https:\/\/arso.hu\/en\/history\/"]}]},{"@type":"BreadcrumbList","@id":"https:\/\/arso.hu\/en\/history\/#breadcrumb","itemListElement":[{"@type":"ListItem","position":1,"name":"Home","item":"https:\/\/arso.hu\/en\/"},{"@type":"ListItem","position":2,"name":"Orchestra history"}]},{"@type":"WebSite","@id":"https:\/\/arso.hu\/en\/#website","url":"https:\/\/arso.hu\/en\/","name":"Alba Regia Szimfonikus Zenekar","description":"Min\u0151s\u00e9gi komolyzene Sz\u00e9kesfeh\u00e9rv\u00e1ron","potentialAction":[{"@type":"SearchAction","target":{"@type":"EntryPoint","urlTemplate":"https:\/\/arso.hu\/en\/?s={search_term_string}"},"query-input":{"@type":"PropertyValueSpecification","valueRequired":true,"valueName":"search_term_string"}}],"inLanguage":"en-US"}]}},"_links":{"self":[{"href":"https:\/\/arso.hu\/en\/wp-json\/wp\/v2\/pages\/939","targetHints":{"allow":["GET"]}}],"collection":[{"href":"https:\/\/arso.hu\/en\/wp-json\/wp\/v2\/pages"}],"about":[{"href":"https:\/\/arso.hu\/en\/wp-json\/wp\/v2\/types\/page"}],"author":[{"embeddable":true,"href":"https:\/\/arso.hu\/en\/wp-json\/wp\/v2\/users\/1"}],"replies":[{"embeddable":true,"href":"https:\/\/arso.hu\/en\/wp-json\/wp\/v2\/comments?post=939"}],"version-history":[{"count":3,"href":"https:\/\/arso.hu\/en\/wp-json\/wp\/v2\/pages\/939\/revisions"}],"predecessor-version":[{"id":957,"href":"https:\/\/arso.hu\/en\/wp-json\/wp\/v2\/pages\/939\/revisions\/957"}],"wp:attachment":[{"href":"https:\/\/arso.hu\/en\/wp-json\/wp\/v2\/media?parent=939"}],"curies":[{"name":"wp","href":"https:\/\/api.w.org\/{rel}","templated":true}]}}