{"id":2548,"date":"2019-10-19T19:28:50","date_gmt":"2019-10-19T17:28:50","guid":{"rendered":"https:\/\/arso.hu\/public-interest\/"},"modified":"2019-10-19T19:28:50","modified_gmt":"2019-10-19T17:28:50","slug":"public-interest","status":"publish","type":"page","link":"https:\/\/arso.hu\/en\/public-interest\/","title":{"rendered":"Public Interest"},"content":{"rendered":"<p>[et_pb_section bb_built=&#8221;1&#8243; fullwidth=&#8221;on&#8221; _builder_version=&#8221;3.22.2&#8243; next_background_color=&#8221;#000000&#8243; global_module=&#8221;632&#8243;][et_pb_fullwidth_header global_parent=&#8221;632&#8243; title=&#8221;@ET-DC@eyJkeW5hbWljIjp0cnVlLCJjb250ZW50IjoicG9zdF90aXRsZSIsInNldHRpbmdzIjp7ImJlZm9yZSI6IiIsImFmdGVyIjoiIn19@&#8221; _builder_version=&#8221;3.22.2&#8243; title_text_shadow_style=&#8221;preset2&#8243; background_image=&#8221;https:\/\/arso.hu\/wp-content\/uploads\/2019\/02\/Slide1.jpg&#8221; background_size=&#8221;initial&#8221; background_position=&#8221;top_left&#8221; background_repeat=&#8221;repeat&#8221; z_index_tablet=&#8221;500&#8243; _dynamic_attributes=&#8221;title&#8221; \/][\/et_pb_section][et_pb_section bb_built=&#8221;1&#8243; _builder_version=&#8221;3.22&#8243; custom_padding=&#8221;||0px|||&#8221; prev_background_color=&#8221;#000000&#8243;][et_pb_row gutter_width=&#8221;1&#8243; _builder_version=&#8221;3.22.2&#8243; background_size=&#8221;initial&#8221; background_position=&#8221;top_left&#8221; background_repeat=&#8221;repeat&#8221; use_custom_gutter=&#8221;on&#8221; module_alignment=&#8221;center&#8221; z_index_tablet=&#8221;500&#8243;][et_pb_column type=&#8221;3_4&#8243;][et_pb_text _builder_version=&#8221;3.22.2&#8243; text_text_shadow_horizontal_length=&#8221;text_text_shadow_style,%91object Object%93&#8243; text_text_shadow_vertical_length=&#8221;text_text_shadow_style,%91object Object%93&#8243; text_text_shadow_blur_strength=&#8221;text_text_shadow_style,%91object Object%93&#8243; link_text_shadow_horizontal_length=&#8221;link_text_shadow_style,%91object Object%93&#8243; link_text_shadow_vertical_length=&#8221;link_text_shadow_style,%91object Object%93&#8243; link_text_shadow_blur_strength=&#8221;link_text_shadow_style,%91object Object%93&#8243; ul_text_shadow_horizontal_length=&#8221;ul_text_shadow_style,%91object Object%93&#8243; ul_text_shadow_vertical_length=&#8221;ul_text_shadow_style,%91object Object%93&#8243; ul_text_shadow_blur_strength=&#8221;ul_text_shadow_style,%91object Object%93&#8243; ol_text_shadow_horizontal_length=&#8221;ol_text_shadow_style,%91object Object%93&#8243; ol_text_shadow_vertical_length=&#8221;ol_text_shadow_style,%91object Object%93&#8243; ol_text_shadow_blur_strength=&#8221;ol_text_shadow_style,%91object Object%93&#8243; quote_text_shadow_horizontal_length=&#8221;quote_text_shadow_style,%91object Object%93&#8243; quote_text_shadow_vertical_length=&#8221;quote_text_shadow_style,%91object Object%93&#8243; quote_text_shadow_blur_strength=&#8221;quote_text_shadow_style,%91object Object%93&#8243; header_text_shadow_horizontal_length=&#8221;header_text_shadow_style,%91object Object%93&#8243; header_text_shadow_vertical_length=&#8221;header_text_shadow_style,%91object Object%93&#8243; header_text_shadow_blur_strength=&#8221;header_text_shadow_style,%91object Object%93&#8243; header_2_text_shadow_horizontal_length=&#8221;header_2_text_shadow_style,%91object Object%93&#8243; header_2_text_shadow_vertical_length=&#8221;header_2_text_shadow_style,%91object Object%93&#8243; header_2_text_shadow_blur_strength=&#8221;header_2_text_shadow_style,%91object Object%93&#8243; header_3_text_shadow_horizontal_length=&#8221;header_3_text_shadow_style,%91object Object%93&#8243; header_3_text_shadow_vertical_length=&#8221;header_3_text_shadow_style,%91object Object%93&#8243; header_3_text_shadow_blur_strength=&#8221;header_3_text_shadow_style,%91object Object%93&#8243; header_4_text_shadow_horizontal_length=&#8221;header_4_text_shadow_style,%91object Object%93&#8243; header_4_text_shadow_vertical_length=&#8221;header_4_text_shadow_style,%91object Object%93&#8243; header_4_text_shadow_blur_strength=&#8221;header_4_text_shadow_style,%91object Object%93&#8243; header_5_text_shadow_horizontal_length=&#8221;header_5_text_shadow_style,%91object Object%93&#8243; header_5_text_shadow_vertical_length=&#8221;header_5_text_shadow_style,%91object Object%93&#8243; header_5_text_shadow_blur_strength=&#8221;header_5_text_shadow_style,%91object Object%93&#8243; header_6_text_shadow_horizontal_length=&#8221;header_6_text_shadow_style,%91object Object%93&#8243; header_6_text_shadow_vertical_length=&#8221;header_6_text_shadow_style,%91object Object%93&#8243; header_6_text_shadow_blur_strength=&#8221;header_6_text_shadow_style,%91object Object%93&#8243; z_index_tablet=&#8221;500&#8243;]<\/p>\n<h3>A fenntart\u00f3 (mint adatkezel\u0151) adatai:<\/h3>\n<p><strong>Tartalomszolg\u00e1ltat\u00f3:<\/strong>\u00a0Alba Regia Szimfonikus Zenekar<br \/><strong>Ad\u00f3sz\u00e1m:\u00a0<\/strong>15827021-2-07<br \/><strong>K\u00f6lts\u00e9gvet\u00e9si int\u00e9zm\u00e9ny PIR sz\u00e1m:\u00a0<\/strong>827025<br \/><strong>C\u00edm\/Sz\u00e9khely:\u00a0<\/strong>8000 Sz\u00e9kesfeh\u00e9rv\u00e1r, Szabads\u00e1gharcos \u00fat 59.<br \/><strong>Telefon:\u00a0<\/strong>+36 22 20 20 23<br \/><strong>E-mail:<\/strong>\u00a0info@arso.hu<\/p>\n<p><strong>Adatkezel\u00e9si nyilv\u00e1ntart\u00e1si sz\u00e1m:\u00a0<\/strong>NAIH-92661\/2015.<\/p>\n<p><strong>Az Alba Regia Szimfonikus Zenekar fenntart\u00f3ja Sz\u00e9kesfeh\u00e9rv\u00e1r Megyei Jog\u00fa V\u00e1ros \u00d6nkorm\u00e1nyzata.<\/strong><\/p>\n<p><img loading=\"lazy\" decoding=\"async\" class=\"alignnone size-full wp-image-857\" src=\"https:\/\/arso.hu\/wp-content\/uploads\/2019\/05\/Szfv\u00e1r_log\u00f3.jpg\" alt=\"\" width=\"160\" height=\"162\" \/><\/p>\n<p><a href=\"https:\/\/arso.hu\/wp-content\/uploads\/2019\/05\/Az-Alba-Regia-Szimfonikus-Zenekar-Szervezeti-\u00e9s-m\u0171k\u00f6d\u00e9si-szab\u00e1lyzata.pdf\">Az Alba Regia Szimfonikus Zenekar Szervezeti \u00e9s m\u0171k\u00f6d\u00e9si szab\u00e1lyzata &#8211; let\u00f6lt\u00e9s<\/a><\/p>\n<p><a href=\"https:\/\/arso.hu\/wp-content\/uploads\/2019\/06\/Az-Alba-Regia-Szimfonikus-Zenekar-honlapj\u00e1n-t\u00f6rt\u00e9n\u0151-adatkezel\u00e9sekkel-kapcsolatos-t\u00e1j\u00e9koztat\u00f3.pdf\">Az Alba Regia Szimfonikus Zenekar honlapj\u00e1n t\u00f6rt\u00e9n\u0151 adatkezel\u00e9sekkel kapcsolatos t\u00e1j\u00e9koztat\u00f3<\/a><\/p>\n<p>[\/et_pb_text][\/et_pb_column][et_pb_column type=&#8221;1_4&#8243;][et_pb_sidebar _builder_version=&#8221;3.22.2&#8243; area=&#8221;sidebar-1&#8243; text_shadow_horizontal_length=&#8221;text_shadow_style,%91object Object%93&#8243; text_shadow_vertical_length=&#8221;text_shadow_style,%91object Object%93&#8243; text_shadow_blur_strength=&#8221;text_shadow_style,%91object Object%93&#8243; header_text_shadow_horizontal_length=&#8221;header_text_shadow_style,%91object Object%93&#8243; header_text_shadow_vertical_length=&#8221;header_text_shadow_style,%91object Object%93&#8243; header_text_shadow_blur_strength=&#8221;header_text_shadow_style,%91object Object%93&#8243; body_text_shadow_horizontal_length=&#8221;body_text_shadow_style,%91object Object%93&#8243; body_text_shadow_vertical_length=&#8221;body_text_shadow_style,%91object Object%93&#8243; body_text_shadow_blur_strength=&#8221;body_text_shadow_style,%91object Object%93&#8243; z_index_tablet=&#8221;500&#8243; \/][\/et_pb_column][\/et_pb_row][\/et_pb_section]<\/p>\n","protected":false},"excerpt":{"rendered":"<p>A fenntart\u00f3 (mint adatkezel\u0151) adatai:Tartalomszolg\u00e1ltat\u00f3:\u00a0Alba Regia Szimfonikus ZenekarAd\u00f3sz\u00e1m:\u00a015827021-2-07K\u00f6lts\u00e9gvet\u00e9si int\u00e9zm\u00e9ny PIR sz\u00e1m:\u00a0827025C\u00edm\/Sz\u00e9khely:\u00a08000 Sz\u00e9kesfeh\u00e9rv\u00e1r, Szabads\u00e1gharcos \u00fat 59.Telefon:\u00a0+36 22 20 20 23E-mail:\u00a0info@arso.huAdatkezel\u00e9si nyilv\u00e1ntart\u00e1si sz\u00e1m:\u00a0NAIH-92661\/2015.Az Alba Regia Szimfonikus Zenekar fenntart\u00f3ja Sz\u00e9kesfeh\u00e9rv\u00e1r Megyei Jog\u00fa V\u00e1ros \u00d6nkorm\u00e1nyzata.Az Alba Regia Szimfonikus Zenekar Szervezeti \u00e9s m\u0171k\u00f6d\u00e9si szab\u00e1lyzata &#8211; let\u00f6lt\u00e9sAz Alba Regia Szimfonikus Zenekar honlapj\u00e1n t\u00f6rt\u00e9n\u0151 adatkezel\u00e9sekkel kapcsolatos t\u00e1j\u00e9koztat\u00f3<\/p>\n","protected":false},"author":2,"featured_media":0,"parent":0,"menu_order":0,"comment_status":"closed","ping_status":"closed","template":"","meta":{"_et_pb_use_builder":"on","_et_pb_old_content":"","_et_gb_content_width":"","footnotes":""},"class_list":["post-2548","page","type-page","status-publish","hentry"],"yoast_head":"<!-- This site is optimized with the Yoast SEO plugin v24.6 - https:\/\/yoast.com\/wordpress\/plugins\/seo\/ -->\n<title>Public Interest - Alba Regia Szimfonikus Zenekar<\/title>\n<meta name=\"robots\" content=\"index, follow, max-snippet:-1, max-image-preview:large, max-video-preview:-1\" \/>\n<link rel=\"canonical\" href=\"https:\/\/arso.hu\/en\/public-interest\/\" \/>\n<meta property=\"og:locale\" content=\"en_US\" \/>\n<meta property=\"og:type\" content=\"article\" \/>\n<meta property=\"og:title\" content=\"Public Interest - Alba Regia Szimfonikus Zenekar\" \/>\n<meta property=\"og:description\" content=\"A fenntart\u00f3 (mint adatkezel\u0151) adatai:Tartalomszolg\u00e1ltat\u00f3:\u00a0Alba Regia Szimfonikus ZenekarAd\u00f3sz\u00e1m:\u00a015827021-2-07K\u00f6lts\u00e9gvet\u00e9si int\u00e9zm\u00e9ny PIR sz\u00e1m:\u00a0827025C\u00edm\/Sz\u00e9khely:\u00a08000 Sz\u00e9kesfeh\u00e9rv\u00e1r, Szabads\u00e1gharcos \u00fat 59.Telefon:\u00a0+36 22 20 20 23E-mail:\u00a0info@arso.huAdatkezel\u00e9si nyilv\u00e1ntart\u00e1si sz\u00e1m:\u00a0NAIH-92661\/2015.Az Alba Regia Szimfonikus Zenekar fenntart\u00f3ja Sz\u00e9kesfeh\u00e9rv\u00e1r Megyei Jog\u00fa V\u00e1ros \u00d6nkorm\u00e1nyzata.Az Alba Regia Szimfonikus Zenekar Szervezeti \u00e9s m\u0171k\u00f6d\u00e9si szab\u00e1lyzata - let\u00f6lt\u00e9sAz Alba Regia Szimfonikus Zenekar honlapj\u00e1n t\u00f6rt\u00e9n\u0151 adatkezel\u00e9sekkel kapcsolatos t\u00e1j\u00e9koztat\u00f3\" \/>\n<meta property=\"og:url\" content=\"https:\/\/arso.hu\/en\/public-interest\/\" \/>\n<meta property=\"og:site_name\" content=\"Alba Regia Szimfonikus Zenekar\" \/>\n<meta name=\"twitter:card\" content=\"summary_large_image\" \/>\n<meta name=\"twitter:label1\" content=\"Est. reading time\" \/>\n\t<meta name=\"twitter:data1\" content=\"4 minutes\" \/>\n<script type=\"application\/ld+json\" class=\"yoast-schema-graph\">{\"@context\":\"https:\/\/schema.org\",\"@graph\":[{\"@type\":\"WebPage\",\"@id\":\"https:\/\/arso.hu\/en\/public-interest\/\",\"url\":\"https:\/\/arso.hu\/en\/public-interest\/\",\"name\":\"Public Interest - Alba Regia Szimfonikus Zenekar\",\"isPartOf\":{\"@id\":\"https:\/\/arso.hu\/en\/#website\"},\"datePublished\":\"2019-10-19T17:28:50+00:00\",\"breadcrumb\":{\"@id\":\"https:\/\/arso.hu\/en\/public-interest\/#breadcrumb\"},\"inLanguage\":\"en-US\",\"potentialAction\":[{\"@type\":\"ReadAction\",\"target\":[\"https:\/\/arso.hu\/en\/public-interest\/\"]}]},{\"@type\":\"BreadcrumbList\",\"@id\":\"https:\/\/arso.hu\/en\/public-interest\/#breadcrumb\",\"itemListElement\":[{\"@type\":\"ListItem\",\"position\":1,\"name\":\"Home\",\"item\":\"https:\/\/arso.hu\/en\/\"},{\"@type\":\"ListItem\",\"position\":2,\"name\":\"Public Interest\"}]},{\"@type\":\"WebSite\",\"@id\":\"https:\/\/arso.hu\/en\/#website\",\"url\":\"https:\/\/arso.hu\/en\/\",\"name\":\"Alba Regia Szimfonikus Zenekar\",\"description\":\"Min\u0151s\u00e9gi komolyzene Sz\u00e9kesfeh\u00e9rv\u00e1ron\",\"potentialAction\":[{\"@type\":\"SearchAction\",\"target\":{\"@type\":\"EntryPoint\",\"urlTemplate\":\"https:\/\/arso.hu\/en\/?s={search_term_string}\"},\"query-input\":{\"@type\":\"PropertyValueSpecification\",\"valueRequired\":true,\"valueName\":\"search_term_string\"}}],\"inLanguage\":\"en-US\"}]}<\/script>\n<!-- \/ Yoast SEO plugin. -->","yoast_head_json":{"title":"Public Interest - Alba Regia Szimfonikus Zenekar","robots":{"index":"index","follow":"follow","max-snippet":"max-snippet:-1","max-image-preview":"max-image-preview:large","max-video-preview":"max-video-preview:-1"},"canonical":"https:\/\/arso.hu\/en\/public-interest\/","og_locale":"en_US","og_type":"article","og_title":"Public Interest - Alba Regia Szimfonikus Zenekar","og_description":"A fenntart\u00f3 (mint adatkezel\u0151) adatai:Tartalomszolg\u00e1ltat\u00f3:\u00a0Alba Regia Szimfonikus ZenekarAd\u00f3sz\u00e1m:\u00a015827021-2-07K\u00f6lts\u00e9gvet\u00e9si int\u00e9zm\u00e9ny PIR sz\u00e1m:\u00a0827025C\u00edm\/Sz\u00e9khely:\u00a08000 Sz\u00e9kesfeh\u00e9rv\u00e1r, Szabads\u00e1gharcos \u00fat 59.Telefon:\u00a0+36 22 20 20 23E-mail:\u00a0info@arso.huAdatkezel\u00e9si nyilv\u00e1ntart\u00e1si sz\u00e1m:\u00a0NAIH-92661\/2015.Az Alba Regia Szimfonikus Zenekar fenntart\u00f3ja Sz\u00e9kesfeh\u00e9rv\u00e1r Megyei Jog\u00fa V\u00e1ros \u00d6nkorm\u00e1nyzata.Az Alba Regia Szimfonikus Zenekar Szervezeti \u00e9s m\u0171k\u00f6d\u00e9si szab\u00e1lyzata - let\u00f6lt\u00e9sAz Alba Regia Szimfonikus Zenekar honlapj\u00e1n t\u00f6rt\u00e9n\u0151 adatkezel\u00e9sekkel kapcsolatos t\u00e1j\u00e9koztat\u00f3","og_url":"https:\/\/arso.hu\/en\/public-interest\/","og_site_name":"Alba Regia Szimfonikus Zenekar","twitter_card":"summary_large_image","twitter_misc":{"Est. reading time":"4 minutes"},"schema":{"@context":"https:\/\/schema.org","@graph":[{"@type":"WebPage","@id":"https:\/\/arso.hu\/en\/public-interest\/","url":"https:\/\/arso.hu\/en\/public-interest\/","name":"Public Interest - Alba Regia Szimfonikus Zenekar","isPartOf":{"@id":"https:\/\/arso.hu\/en\/#website"},"datePublished":"2019-10-19T17:28:50+00:00","breadcrumb":{"@id":"https:\/\/arso.hu\/en\/public-interest\/#breadcrumb"},"inLanguage":"en-US","potentialAction":[{"@type":"ReadAction","target":["https:\/\/arso.hu\/en\/public-interest\/"]}]},{"@type":"BreadcrumbList","@id":"https:\/\/arso.hu\/en\/public-interest\/#breadcrumb","itemListElement":[{"@type":"ListItem","position":1,"name":"Home","item":"https:\/\/arso.hu\/en\/"},{"@type":"ListItem","position":2,"name":"Public Interest"}]},{"@type":"WebSite","@id":"https:\/\/arso.hu\/en\/#website","url":"https:\/\/arso.hu\/en\/","name":"Alba Regia Szimfonikus Zenekar","description":"Min\u0151s\u00e9gi komolyzene Sz\u00e9kesfeh\u00e9rv\u00e1ron","potentialAction":[{"@type":"SearchAction","target":{"@type":"EntryPoint","urlTemplate":"https:\/\/arso.hu\/en\/?s={search_term_string}"},"query-input":{"@type":"PropertyValueSpecification","valueRequired":true,"valueName":"search_term_string"}}],"inLanguage":"en-US"}]}},"_links":{"self":[{"href":"https:\/\/arso.hu\/en\/wp-json\/wp\/v2\/pages\/2548","targetHints":{"allow":["GET"]}}],"collection":[{"href":"https:\/\/arso.hu\/en\/wp-json\/wp\/v2\/pages"}],"about":[{"href":"https:\/\/arso.hu\/en\/wp-json\/wp\/v2\/types\/page"}],"author":[{"embeddable":true,"href":"https:\/\/arso.hu\/en\/wp-json\/wp\/v2\/users\/2"}],"replies":[{"embeddable":true,"href":"https:\/\/arso.hu\/en\/wp-json\/wp\/v2\/comments?post=2548"}],"version-history":[{"count":1,"href":"https:\/\/arso.hu\/en\/wp-json\/wp\/v2\/pages\/2548\/revisions"}],"predecessor-version":[{"id":2549,"href":"https:\/\/arso.hu\/en\/wp-json\/wp\/v2\/pages\/2548\/revisions\/2549"}],"wp:attachment":[{"href":"https:\/\/arso.hu\/en\/wp-json\/wp\/v2\/media?parent=2548"}],"curies":[{"name":"wp","href":"https:\/\/api.w.org\/{rel}","templated":true}]}}